{"id":57,"date":"2022-07-29T12:55:34","date_gmt":"2022-07-29T12:55:34","guid":{"rendered":"https:\/\/lelooping.sites.dev-dbcom.fr\/montivilliers\/?page_id=57"},"modified":"2025-07-23T14:51:33","modified_gmt":"2025-07-23T14:51:33","slug":"groupes","status":"publish","type":"page","link":"https:\/\/www.lelooping.com\/montivilliers\/groupes\/","title":{"rendered":"Groupes"},"content":{"rendered":"<h1><mark><strong>Groupes<br \/><\/strong><\/mark><\/h1>\n<div><mark><strong>Organisez vos <br \/><\/strong><\/mark><\/div>\n<div><mark><strong>\u00e9v\u00e9nements au Looping !<\/strong><\/mark><\/div>\n<div>\n<p><span>Propice \u00e0 la d\u00e9tente, au partage et \u00e0 la convivialit\u00e9, Le Looping est le lieu id\u00e9al pour organiser vos \u00e9v\u00e9nements priv\u00e9s et professionnels.\u00a0\u00a0<\/span><\/p>\n<p><span>Offre de loisirs, salle de conf\u00e9rence, privatisation des espaces, toutes nos offres sont modulables et s\u2019adaptent \u00e0 votre projet.\u00a0<\/span><\/p>\n<p><span>Contactez-nous pour plus d\u2019informations ou recevoir un devis personnalis\u00e9.<\/span><\/p>\n<p><span>\u00a0<\/span><\/p>\n<\/div>\n<h2><mark><strong>Vous \u00eates une entreprise<br \/><\/strong><\/mark><\/h2>\n<div>\n<p><span>Tant dans sa configuration que dans son offre \u00e0 destination des professionnels, le Looping se pr\u00eate volontiers aux \u00e9v\u00e9nements d\u2019entreprises.\u00a0<\/span><\/p>\n<p><span>\u00c0 la fois un lieu de d\u00e9tente et de loisirs privatisable en tout ou partie (jusqu\u2019\u00e0 400 personnes), il est \u00e9galement dot\u00e9 d\u2019une salle de conf\u00e9rences toute \u00e9quip\u00e9e, climatis\u00e9e et insonoris\u00e9e pouvant accueillir jusqu\u2019\u00e0 90 personnes avec possibilit\u00e9 de repas.\u00a0<\/span><\/p>\n<\/p>\n<ul>\n<li aria-level=\"1\"><span>S\u00e9minaires d\u2019entreprises<\/span><\/li>\n<li aria-level=\"1\"><span>Conf\u00e9rences<\/span><\/li>\n<li aria-level=\"1\"><span>Team building<\/span><\/li>\n<li aria-level=\"1\"><span>\u2026\u00a0<\/span><\/li>\n<\/ul>\n<p><span>Profitez d\u2019une partie de bowling, de laser game ou de billard pour d\u00e9velopper l\u2019esprit d\u2019\u00e9quipe et resserrer les liens entre vos collaborateurs.\u00a0<\/span><\/p>\n<p><span>Marquez les esprits en couplant vos s\u00e9ances de travail avec un moment de d\u00e9tente.\u00a0<\/span><\/p>\n<p><span>B\u00e9n\u00e9ficiez de tarifs pr\u00e9f\u00e9rentiels pour votre Comit\u00e9 d\u2019Entreprise\u2026\u00a0<\/span><\/p>\n<p><span>Les possibilit\u00e9s sont multiples, nos offres sont modulables et notre \u00e9quipe est \u00e0 votre \u00e9coute pour vous accompagner dans la mise en place personnalis\u00e9e de votre projet.<\/span><\/p>\n<\/p>\n<p><span>Une chose est s\u00fbre, vous passerez un excellent moment o\u00f9 la convivialit\u00e9 et la bonne humeur seront au rendez-vous !\u00a0<\/span><\/p>\n<\/div>\n<h2><mark><strong>Vous \u00eates un particulier<br \/><\/strong><\/mark><\/h2>\n<div>\n<p><span>Vous avez de l\u2019imagination ? Nous aussi !<\/span><\/p>\n<p><span>Sp\u00e9cialis\u00e9 dans l\u2019organisation de tout type de manifestation, le Looping vous accompagne dans les moments marquants de votre vie ou de celle de vos enfants et de vos amis :\u00a0<\/span><\/p>\n<\/p>\n<ul>\n<li aria-level=\"1\"><span>Anniversaires\u00a0<\/span><\/li>\n<li aria-level=\"1\"><span>EVG<\/span><\/li>\n<li aria-level=\"1\"><span>EVJF<\/span><\/li>\n<li aria-level=\"1\"><span>Grand prix entre amis<\/span><\/li>\n<li aria-level=\"1\"><span>\u2026<\/span><\/li>\n<\/ul>\n<p><span>Entre d\u00e9tente, partage et amusement, la convivialit\u00e9 et les souvenirs sont assur\u00e9s !<\/span><\/p>\n<\/p>\n<p><span>Quel que soit votre projet, nos \u00e9quipes sont \u00e0 votre \u00e9coute pour vous aider \u00e0 le r\u00e9aliser et contribuer \u00e0 faire de ce moment sp\u00e9cial un moment inoubliable !<\/span><\/p>\n<\/p>\n<p><span>Et pour votre anniversaire, le Looping vous offre une partie de bowling ou de laser game ! <\/span><\/p>\n<\/div>\n<p><!--more--><br \/>\n<!-- {\"type\":\"layout\",\"children\":[{\"type\":\"section\",\"props\":{\"animation\":\"fade\",\"header_transparent\":true,\"header_transparent_noplaceholder\":true,\"header_transparent_text_color\":\"dark\",\"height\":\"viewport\",\"height_offset_top\":true,\"height_viewport\":80,\"image\":\"wp-content\\\/uploads\\\/sites\\\/4\\\/homegroupe1.jpg\",\"image_position\":\"top-center\",\"image_size\":\"cover\",\"media_overlay\":\"rgba(0, 0, 0, 0.44)\",\"padding\":\"large\",\"style\":\"default\",\"title_breakpoint\":\"xl\",\"title_position\":\"top-left\",\"title_rotation\":\"left\",\"vertical_align\":\"middle\",\"width\":\"expand\"},\"children\":[{\"type\":\"row\",\"children\":[{\"type\":\"column\",\"props\":{\"image_position\":\"center-center\",\"position_sticky_breakpoint\":\"m\",\"vertical_align\":\"middle\"},\"children\":[{\"type\":\"headline\",\"props\":{\"content\":\"<mark><strong>Groupes<br \\\/><\\\/strong><\\\/mark>\",\"css\":\"mark{\\n\\tpadding : 10px 20px 10px 20px;\\n    background-color : #D9000D;\\n}\",\"margin\":\"small\",\"margin_remove_bottom\":false,\"text_align\":\"center\",\"title_element\":\"h1\",\"title_style\":\"h1\"}}]}],\"props\":{\"height\":\"viewport\",\"height_viewport\":80,\"margin\":\"large\",\"width\":\"expand\"}}],\"name\":\"Header Page Bowling\"},{\"type\":\"section\",\"props\":{\"animation\":\"fade\",\"animation_delay\":\"100\",\"image_position\":\"center-center\",\"image_size\":\"cover\",\"media_overlay\":\"rgba(2, 2, 2, 0.64)\",\"style\":\"secondary\",\"title_breakpoint\":\"xl\",\"title_position\":\"top-left\",\"title_rotation\":\"left\",\"vertical_align\":\"\",\"width\":\"default\"},\"children\":[{\"type\":\"row\",\"children\":[{\"type\":\"column\",\"props\":{\"image_position\":\"center-center\",\"position_sticky_breakpoint\":\"m\"},\"children\":[{\"type\":\"headline\",\"props\":{\"animation\":\"slide-right-small\",\"block_align\":\"center\",\"content\":\"<mark><strong>Organisez vos <br \\\/><\\\/strong><\\\/mark>\",\"css\":\"mark{\\n\\tpadding : 20px;\\n    background-color : #E42313;\\n}\\n\\n@media only screen and (max-width: 1024px) {\\n    .el-element{\\n    text-align: center;\\n        font-size : 16px;\\n    }\\n}\",\"margin_remove_bottom\":true,\"maxwidth\":\"large\",\"text_align\":\"center\",\"title_element\":\"div\",\"title_style\":\"h3\"}},{\"type\":\"headline\",\"props\":{\"animation\":\"slide-right-small\",\"block_align\":\"center\",\"content\":\"<mark><strong>\\u00e9v\\u00e9nements au Looping !<\\\/strong><\\\/mark>\",\"css\":\"mark{\\n\\tpadding : 10px 20px 20px 20px;\\n     background-color : #E42313;\\n}\\n\\n@media only screen and (max-width: 1024px) {\\n    .el-element{\\n        padding-top : 10px;\\n        font-size : 16px;\\n        text-align:center;\\n    }\\n}\",\"margin_remove_bottom\":false,\"margin_remove_top\":true,\"text_align\":\"center\",\"title_element\":\"div\",\"title_style\":\"h3\"}},{\"type\":\"text\",\"props\":{\"animation\":\"slide-right-small\",\"block_align\":\"center\",\"column_breakpoint\":\"m\",\"content\":\"\n\n<p><span>Propice \\u00e0 la d\\u00e9tente, au partage et \\u00e0 la convivialit\\u00e9, Le Looping est le lieu id\\u00e9al pour organiser vos \\u00e9v\\u00e9nements priv\\u00e9s et professionnels.\\u00a0\\u00a0<\\\/span><\\\/p>\\n\n\n<p><span>Offre de loisirs, salle de conf\\u00e9rence, privatisation des espaces, toutes nos offres sont modulables et s\\u2019adaptent \\u00e0 votre projet.\\u00a0<\\\/span><\\\/p>\\n\n\n<p><span>Contactez-nous pour plus d\\u2019informations ou recevoir un devis personnalis\\u00e9.<\\\/span><\\\/p>\\n\n\n<p><span>\\u00a0<\\\/span><\\\/p>\",\"css\":\"@media only screen and (max-width: 1024px) {\\n    .el-element{\\n        text-align : justify;\\n    }\\n}\\n\\n.el-element{\\n\\tcolor : white;\\n    text-align :justify;\\n}\",\"margin\":\"large\",\"maxwidth\":\"2xlarge\",\"text_style\":\"lead\"}}]}]}],\"name\":\"Star Wars\"},{\"type\":\"section\",\"props\":{\"animation\":\"slide-left-medium\",\"css\":\".el-section{\\n\\nmargin-left : -41px;\\nmargin-right : -41px;\\n    border-bottom: 0.4rem solid white;\\n}\",\"height\":\"viewport\",\"image_position\":\"center-center\",\"padding_remove_bottom\":true,\"padding_remove_top\":true,\"preserve_color\":false,\"style\":\"primary\",\"title_breakpoint\":\"xl\",\"title_position\":\"top-left\",\"title_rotation\":\"left\",\"vertical_align\":\"middle\",\"width\":\"expand\"},\"children\":[{\"type\":\"row\",\"props\":{\"column_gap\":\"collapse\",\"height\":\"viewport\",\"layout\":\"1-2,1-2\",\"margin\":\"remove-vertical\",\"row_gap\":\"collapse\"},\"children\":[{\"type\":\"column\",\"props\":{\"css\":\"@media only screen and (max-width: 1024px) {\\n    .el-column{\\n\\t\\tpadding: 10%;\\n\\t}\\n\\n}\",\"image_position\":\"center-center\",\"position_sticky_breakpoint\":\"m\",\"preserve_color\":false,\"style\":\"tile-primary\",\"vertical_align\":\"middle\",\"width_medium\":\"1-2\"},\"children\":[{\"type\":\"headline\",\"props\":{\"animation\":\"slide-right-small\",\"content\":\"<mark><strong>Vous \\u00eates une entreprise<br \\\/><\\\/strong><\\\/mark>\",\"css\":\"mark{\\n\\tpadding : 20px;\\n    background-color : #242427;\\n}\\n\\n@media only screen and (max-width: 1024px) {\\n    .el-element{\\n    text-align: center;\\n        font-size : 16px;\\n    }\\n}\\n\",\"margin_remove_bottom\":true,\"maxwidth\":\"large\",\"title_element\":\"h2\",\"title_style\":\"h3\"}},{\"type\":\"text\",\"props\":{\"animation\":\"slide-right-small\",\"column_breakpoint\":\"m\",\"content\":\"\n\n<p><span>Tant dans sa configuration que dans son offre \\u00e0 destination des professionnels, le Looping se pr\\u00eate volontiers aux \\u00e9v\\u00e9nements d\\u2019entreprises.\\u00a0<\\\/span><\\\/p>\\n\n\n<p><span>\\u00c0 la fois un lieu de d\\u00e9tente et de loisirs privatisable en tout ou partie (jusqu\\u2019\\u00e0 400 personnes), il est \\u00e9galement dot\\u00e9 d\\u2019une salle de conf\\u00e9rences toute \\u00e9quip\\u00e9e, climatis\\u00e9e et insonoris\\u00e9e pouvant accueillir jusqu\\u2019\\u00e0 90 personnes avec possibilit\\u00e9 de repas.\\u00a0<\\\/span><\\\/p>\\n\n\n<p><\\\/p>\\n\n\n<ul>\\n\n\n<li aria-level=\\\"1\\\"><span>S\\u00e9minaires d\\u2019entreprises<\\\/span><\\\/li>\\n\n\n<li aria-level=\\\"1\\\"><span>Conf\\u00e9rences<\\\/span><\\\/li>\\n\n\n<li aria-level=\\\"1\\\"><span>Team building<\\\/span><\\\/li>\\n\n\n<li aria-level=\\\"1\\\"><span>\\u2026\\u00a0<\\\/span><\\\/li>\\n<\\\/ul>\\n\n\n<p><\\\/p>\\n\n\n<p><span>Profitez d\\u2019une partie de bowling, de laser game ou de billard pour d\\u00e9velopper l\\u2019esprit d\\u2019\\u00e9quipe et resserrer les liens entre vos collaborateurs.\\u00a0<\\\/span><\\\/p>\\n\n\n<p><span>Marquez les esprits en couplant vos s\\u00e9ances de travail avec un moment de d\\u00e9tente.\\u00a0<\\\/span><\\\/p>\\n\n\n<p><span>B\\u00e9n\\u00e9ficiez de tarifs pr\\u00e9f\\u00e9rentiels pour votre Comit\\u00e9 d\\u2019Entreprise\\u2026\\u00a0<\\\/span><\\\/p>\\n\n\n<p><span>Les possibilit\\u00e9s sont multiples, nos offres sont modulables et notre \\u00e9quipe est \\u00e0 votre \\u00e9coute pour vous accompagner dans la mise en place personnalis\\u00e9e de votre projet.<\\\/span><\\\/p>\\n\n\n<p><\\\/p>\\n\n\n<p><span>Une chose est s\\u00fbre, vous passerez un excellent moment o\\u00f9 la convivialit\\u00e9 et la bonne humeur seront au rendez-vous !\\u00a0<\\\/span><\\\/p>\",\"css\":\"@media only screen and (max-width: 1024px) {\\n    .el-element{\\n        text-align : justify;\\n    }\\n}\\n\\n.el-element{\\n\\tcolor : white;\\n}\",\"margin\":\"large\",\"maxwidth\":\"xlarge\",\"text_color\":\"secondary\",\"text_style\":\"lead\"}}]},{\"type\":\"column\",\"props\":{\"image\":\"wp-content\\\/uploads\\\/sites\\\/4\\\/salle1.jpg\",\"image_position\":\"center-center\",\"image_size\":\"cover\",\"padding\":\"none\",\"position_sticky_breakpoint\":\"m\",\"vertical_align\":\"middle\",\"width_medium\":\"1-2\"}}]}],\"name\":\"Section team building\"},{\"type\":\"section\",\"props\":{\"animation\":\"slide-left-medium\",\"css\":\".el-section{\\n\\nmargin-left : -41px;\\nmargin-right : -41px;\\n}\",\"height\":\"viewport\",\"height_viewport\":80,\"image_position\":\"center-center\",\"padding_remove_bottom\":true,\"padding_remove_top\":true,\"preserve_color\":false,\"style\":\"secondary\",\"title_breakpoint\":\"xl\",\"title_position\":\"top-left\",\"title_rotation\":\"left\",\"vertical_align\":\"middle\",\"width\":\"expand\"},\"children\":[{\"type\":\"row\",\"props\":{\"column_gap\":\"collapse\",\"height\":\"viewport\",\"height_viewport\":80,\"layout\":\"1-2,1-2\",\"margin\":\"remove-vertical\",\"row_gap\":\"collapse\"},\"children\":[{\"type\":\"column\",\"props\":{\"css\":\"@media only screen and (max-width: 1024px) {\\n    .el-column{\\n        display:none;\\n    }\\n}\\n\",\"image\":\"wp-content\\\/uploads\\\/sites\\\/4\\\/teambuilding1.jpg\",\"image_position\":\"center-center\",\"image_size\":\"cover\",\"position_sticky_breakpoint\":\"m\",\"preserve_color\":false,\"style\":\"tile-primary\",\"vertical_align\":\"middle\",\"width_medium\":\"1-2\"}},{\"type\":\"column\",\"props\":{\"css\":\"@media only screen and (max-width: 1024px) {\\n    .el-column{\\n\\t\\tpadding: 10%;\\n\\t}\\n\\n}\",\"image_position\":\"center-center\",\"image_size\":\"cover\",\"position_sticky_breakpoint\":\"m\",\"style\":\"tile-secondary\",\"vertical_align\":\"middle\",\"width_medium\":\"1-2\"},\"children\":[{\"type\":\"headline\",\"props\":{\"animation\":\"slide-right-small\",\"content\":\"<mark><strong>Vous \\u00eates un particulier<br \\\/><\\\/strong><\\\/mark>\",\"css\":\"mark{\\n\\tpadding : 20px;\\n    background-color : #D9000D;\\n}\\n\\n@media only screen and (max-width: 1024px) {\\n    .el-element{\\n    text-align: center;\\n        font-size : 16px;\\n    }\\n}\\n\",\"margin_remove_bottom\":true,\"text_align\":\"left\",\"title_element\":\"h2\",\"title_style\":\"h3\"}},{\"type\":\"text\",\"props\":{\"animation\":\"slide-right-small\",\"column_breakpoint\":\"m\",\"content\":\"\n\n<p><span>Vous avez de l\\u2019imagination ? Nous aussi !<\\\/span><\\\/p>\\n\n\n<p><span>Sp\\u00e9cialis\\u00e9 dans l\\u2019organisation de tout type de manifestation, le Looping vous accompagne dans les moments marquants de votre vie ou de celle de vos enfants et de vos amis :\\u00a0<\\\/span><\\\/p>\\n\n\n<p><\\\/p>\\n\n\n<ul>\\n\n\n<li aria-level=\\\"1\\\"><span>Anniversaires\\u00a0<\\\/span><\\\/li>\\n\n\n<li aria-level=\\\"1\\\"><span>EVG<\\\/span><\\\/li>\\n\n\n<li aria-level=\\\"1\\\"><span>EVJF<\\\/span><\\\/li>\\n\n\n<li aria-level=\\\"1\\\"><span>Grand prix entre amis<\\\/span><\\\/li>\\n\n\n<li aria-level=\\\"1\\\"><span>\\u2026<\\\/span><\\\/li>\\n<\\\/ul>\\n\n\n<p><\\\/p>\\n\n\n<p><span>Entre d\\u00e9tente, partage et amusement, la convivialit\\u00e9 et les souvenirs sont assur\\u00e9s !<\\\/span><\\\/p>\\n\n\n<p><\\\/p>\\n\n\n<p><span>Quel que soit votre projet, nos \\u00e9quipes sont \\u00e0 votre \\u00e9coute pour vous aider \\u00e0 le r\\u00e9aliser et contribuer \\u00e0 faire de ce moment sp\\u00e9cial un moment inoubliable !<\\\/span><\\\/p>\\n\n\n<p><\\\/p>\\n\n\n<p><span>Et pour votre anniversaire, le Looping vous offre une partie de bowling ou de laser game ! <\\\/span><\\\/p>\",\"css\":\"@media only screen and (max-width: 1024px) {\\n    .el-element{\\n        text-align : justify;\\n    }\\n}\\n\\n.el-element{\\n\\tcolor : white;\\n}\",\"margin\":\"large\",\"text_color\":\"secondary\",\"text_style\":\"lead\"}}]}]}],\"name\":\"Nos clubs\"}],\"version\":\"4.5.24\"} --><\/p>\n","protected":false},"excerpt":{"rendered":"<p>Groupes Organisez vos \u00e9v\u00e9nements au Looping ! Propice \u00e0 la d\u00e9tente, au partage et \u00e0 la convivialit\u00e9, Le Looping est le lieu id\u00e9al pour organiser vos \u00e9v\u00e9nements priv\u00e9s et professionnels.\u00a0\u00a0 Offre de loisirs, salle de conf\u00e9rence, privatisation des espaces, toutes nos offres sont modulables et s\u2019adaptent \u00e0 votre projet.\u00a0 Contactez-nous pour plus d\u2019informations ou recevoir [&hellip;]<\/p>\n","protected":false},"author":1,"featured_media":1626,"parent":0,"menu_order":0,"comment_status":"closed","ping_status":"closed","template":"","meta":{"footnotes":""},"class_list":["post-57","page","type-page","status-publish","has-post-thumbnail","hentry"],"yoast_head":"<!-- This site is optimized with the Yoast SEO plugin v27.5 - https:\/\/yoast.com\/product\/yoast-seo-wordpress\/ -->\n<title>Groupes - Le Looping Montivilliers<\/title>\n<meta name=\"description\" content=\"Propice \u00e0 la d\u00e9tente, au partage et \u00e0 la convivialit\u00e9, Le Looping est le lieu id\u00e9al pour organiser vos \u00e9v\u00e9nements priv\u00e9s et professionnels.\" \/>\n<meta name=\"robots\" content=\"index, follow, max-snippet:-1, max-image-preview:large, max-video-preview:-1\" \/>\n<link rel=\"canonical\" href=\"https:\/\/www.lelooping.com\/montivilliers\/groupes\/\" \/>\n<meta property=\"og:locale\" content=\"fr_FR\" \/>\n<meta property=\"og:type\" content=\"article\" \/>\n<meta property=\"og:title\" content=\"Groupes - Le Looping Montivilliers\" \/>\n<meta property=\"og:description\" content=\"Propice \u00e0 la d\u00e9tente, au partage et \u00e0 la convivialit\u00e9, Le Looping est le lieu id\u00e9al pour organiser vos \u00e9v\u00e9nements priv\u00e9s et professionnels.\" \/>\n<meta property=\"og:url\" content=\"https:\/\/www.lelooping.com\/montivilliers\/groupes\/\" \/>\n<meta property=\"og:site_name\" content=\"Le Looping Montivilliers\" \/>\n<meta property=\"article:modified_time\" content=\"2025-07-23T14:51:33+00:00\" \/>\n<meta property=\"og:image\" content=\"https:\/\/www.lelooping.com\/montivilliers\/wp-content\/uploads\/sites\/4\/persnickety-prints-rrHl2zGZ9E4-unsplash-scaled.jpg\" \/>\n\t<meta property=\"og:image:width\" content=\"2560\" \/>\n\t<meta property=\"og:image:height\" content=\"1709\" \/>\n\t<meta property=\"og:image:type\" content=\"image\/jpeg\" \/>\n<meta name=\"twitter:card\" content=\"summary_large_image\" \/>\n<meta name=\"twitter:label1\" content=\"Dur\u00e9e de lecture estim\u00e9e\" \/>\n\t<meta name=\"twitter:data1\" content=\"2 minutes\" \/>\n<script type=\"application\/ld+json\" class=\"yoast-schema-graph\">{\"@context\":\"https:\\\/\\\/schema.org\",\"@graph\":[{\"@type\":\"WebPage\",\"@id\":\"https:\\\/\\\/www.lelooping.com\\\/montivilliers\\\/groupes\\\/\",\"url\":\"https:\\\/\\\/www.lelooping.com\\\/montivilliers\\\/groupes\\\/\",\"name\":\"Groupes - Le Looping Montivilliers\",\"isPartOf\":{\"@id\":\"https:\\\/\\\/www.lelooping.com\\\/montivilliers\\\/#website\"},\"primaryImageOfPage\":{\"@id\":\"https:\\\/\\\/www.lelooping.com\\\/montivilliers\\\/groupes\\\/#primaryimage\"},\"image\":{\"@id\":\"https:\\\/\\\/www.lelooping.com\\\/montivilliers\\\/groupes\\\/#primaryimage\"},\"thumbnailUrl\":\"https:\\\/\\\/www.lelooping.com\\\/montivilliers\\\/wp-content\\\/uploads\\\/sites\\\/4\\\/lelooping-scaled.jpg\",\"datePublished\":\"2022-07-29T12:55:34+00:00\",\"dateModified\":\"2025-07-23T14:51:33+00:00\",\"description\":\"Propice \u00e0 la d\u00e9tente, au partage et \u00e0 la convivialit\u00e9, Le Looping est le lieu id\u00e9al pour organiser vos \u00e9v\u00e9nements priv\u00e9s et professionnels.\",\"breadcrumb\":{\"@id\":\"https:\\\/\\\/www.lelooping.com\\\/montivilliers\\\/groupes\\\/#breadcrumb\"},\"inLanguage\":\"fr-FR\",\"potentialAction\":[{\"@type\":\"ReadAction\",\"target\":[\"https:\\\/\\\/www.lelooping.com\\\/montivilliers\\\/groupes\\\/\"]}]},{\"@type\":\"ImageObject\",\"inLanguage\":\"fr-FR\",\"@id\":\"https:\\\/\\\/www.lelooping.com\\\/montivilliers\\\/groupes\\\/#primaryimage\",\"url\":\"https:\\\/\\\/www.lelooping.com\\\/montivilliers\\\/wp-content\\\/uploads\\\/sites\\\/4\\\/lelooping-scaled.jpg\",\"contentUrl\":\"https:\\\/\\\/www.lelooping.com\\\/montivilliers\\\/wp-content\\\/uploads\\\/sites\\\/4\\\/lelooping-scaled.jpg\",\"width\":2560,\"height\":1707,\"caption\":\"Le Looping Montivilliers\"},{\"@type\":\"BreadcrumbList\",\"@id\":\"https:\\\/\\\/www.lelooping.com\\\/montivilliers\\\/groupes\\\/#breadcrumb\",\"itemListElement\":[{\"@type\":\"ListItem\",\"position\":1,\"name\":\"Accueil\",\"item\":\"https:\\\/\\\/www.lelooping.com\\\/montivilliers\\\/\"},{\"@type\":\"ListItem\",\"position\":2,\"name\":\"Groupes\"}]},{\"@type\":\"WebSite\",\"@id\":\"https:\\\/\\\/www.lelooping.com\\\/montivilliers\\\/#website\",\"url\":\"https:\\\/\\\/www.lelooping.com\\\/montivilliers\\\/\",\"name\":\"Le Looping Montivilliers\",\"description\":\"\",\"potentialAction\":[{\"@type\":\"SearchAction\",\"target\":{\"@type\":\"EntryPoint\",\"urlTemplate\":\"https:\\\/\\\/www.lelooping.com\\\/montivilliers\\\/?s={search_term_string}\"},\"query-input\":{\"@type\":\"PropertyValueSpecification\",\"valueRequired\":true,\"valueName\":\"search_term_string\"}}],\"inLanguage\":\"fr-FR\"}]}<\/script>\n<!-- \/ Yoast SEO plugin. -->","yoast_head_json":{"title":"Groupes - Le Looping Montivilliers","description":"Propice \u00e0 la d\u00e9tente, au partage et \u00e0 la convivialit\u00e9, Le Looping est le lieu id\u00e9al pour organiser vos \u00e9v\u00e9nements priv\u00e9s et professionnels.","robots":{"index":"index","follow":"follow","max-snippet":"max-snippet:-1","max-image-preview":"max-image-preview:large","max-video-preview":"max-video-preview:-1"},"canonical":"https:\/\/www.lelooping.com\/montivilliers\/groupes\/","og_locale":"fr_FR","og_type":"article","og_title":"Groupes - Le Looping Montivilliers","og_description":"Propice \u00e0 la d\u00e9tente, au partage et \u00e0 la convivialit\u00e9, Le Looping est le lieu id\u00e9al pour organiser vos \u00e9v\u00e9nements priv\u00e9s et professionnels.","og_url":"https:\/\/www.lelooping.com\/montivilliers\/groupes\/","og_site_name":"Le Looping Montivilliers","article_modified_time":"2025-07-23T14:51:33+00:00","og_image":[{"width":2560,"height":1709,"url":"https:\/\/www.lelooping.com\/montivilliers\/wp-content\/uploads\/sites\/4\/persnickety-prints-rrHl2zGZ9E4-unsplash-scaled.jpg","type":"image\/jpeg"}],"twitter_card":"summary_large_image","twitter_misc":{"Dur\u00e9e de lecture estim\u00e9e":"2 minutes"},"schema":{"@context":"https:\/\/schema.org","@graph":[{"@type":"WebPage","@id":"https:\/\/www.lelooping.com\/montivilliers\/groupes\/","url":"https:\/\/www.lelooping.com\/montivilliers\/groupes\/","name":"Groupes - Le Looping Montivilliers","isPartOf":{"@id":"https:\/\/www.lelooping.com\/montivilliers\/#website"},"primaryImageOfPage":{"@id":"https:\/\/www.lelooping.com\/montivilliers\/groupes\/#primaryimage"},"image":{"@id":"https:\/\/www.lelooping.com\/montivilliers\/groupes\/#primaryimage"},"thumbnailUrl":"https:\/\/www.lelooping.com\/montivilliers\/wp-content\/uploads\/sites\/4\/lelooping-scaled.jpg","datePublished":"2022-07-29T12:55:34+00:00","dateModified":"2025-07-23T14:51:33+00:00","description":"Propice \u00e0 la d\u00e9tente, au partage et \u00e0 la convivialit\u00e9, Le Looping est le lieu id\u00e9al pour organiser vos \u00e9v\u00e9nements priv\u00e9s et professionnels.","breadcrumb":{"@id":"https:\/\/www.lelooping.com\/montivilliers\/groupes\/#breadcrumb"},"inLanguage":"fr-FR","potentialAction":[{"@type":"ReadAction","target":["https:\/\/www.lelooping.com\/montivilliers\/groupes\/"]}]},{"@type":"ImageObject","inLanguage":"fr-FR","@id":"https:\/\/www.lelooping.com\/montivilliers\/groupes\/#primaryimage","url":"https:\/\/www.lelooping.com\/montivilliers\/wp-content\/uploads\/sites\/4\/lelooping-scaled.jpg","contentUrl":"https:\/\/www.lelooping.com\/montivilliers\/wp-content\/uploads\/sites\/4\/lelooping-scaled.jpg","width":2560,"height":1707,"caption":"Le Looping Montivilliers"},{"@type":"BreadcrumbList","@id":"https:\/\/www.lelooping.com\/montivilliers\/groupes\/#breadcrumb","itemListElement":[{"@type":"ListItem","position":1,"name":"Accueil","item":"https:\/\/www.lelooping.com\/montivilliers\/"},{"@type":"ListItem","position":2,"name":"Groupes"}]},{"@type":"WebSite","@id":"https:\/\/www.lelooping.com\/montivilliers\/#website","url":"https:\/\/www.lelooping.com\/montivilliers\/","name":"Le Looping Montivilliers","description":"","potentialAction":[{"@type":"SearchAction","target":{"@type":"EntryPoint","urlTemplate":"https:\/\/www.lelooping.com\/montivilliers\/?s={search_term_string}"},"query-input":{"@type":"PropertyValueSpecification","valueRequired":true,"valueName":"search_term_string"}}],"inLanguage":"fr-FR"}]}},"_links":{"self":[{"href":"https:\/\/www.lelooping.com\/montivilliers\/wp-json\/wp\/v2\/pages\/57","targetHints":{"allow":["GET"]}}],"collection":[{"href":"https:\/\/www.lelooping.com\/montivilliers\/wp-json\/wp\/v2\/pages"}],"about":[{"href":"https:\/\/www.lelooping.com\/montivilliers\/wp-json\/wp\/v2\/types\/page"}],"author":[{"embeddable":true,"href":"https:\/\/www.lelooping.com\/montivilliers\/wp-json\/wp\/v2\/users\/1"}],"replies":[{"embeddable":true,"href":"https:\/\/www.lelooping.com\/montivilliers\/wp-json\/wp\/v2\/comments?post=57"}],"version-history":[{"count":25,"href":"https:\/\/www.lelooping.com\/montivilliers\/wp-json\/wp\/v2\/pages\/57\/revisions"}],"predecessor-version":[{"id":1912,"href":"https:\/\/www.lelooping.com\/montivilliers\/wp-json\/wp\/v2\/pages\/57\/revisions\/1912"}],"wp:featuredmedia":[{"embeddable":true,"href":"https:\/\/www.lelooping.com\/montivilliers\/wp-json\/wp\/v2\/media\/1626"}],"wp:attachment":[{"href":"https:\/\/www.lelooping.com\/montivilliers\/wp-json\/wp\/v2\/media?parent=57"}],"curies":[{"name":"wp","href":"https:\/\/api.w.org\/{rel}","templated":true}]}}