{"id":54,"date":"2022-07-29T12:54:37","date_gmt":"2022-07-29T12:54:37","guid":{"rendered":"https:\/\/lelooping.sites.dev-dbcom.fr\/montivilliers\/?page_id=54"},"modified":"2025-07-23T14:48:25","modified_gmt":"2025-07-23T14:48:25","slug":"bar-restaurant","status":"publish","type":"page","link":"https:\/\/www.lelooping.com\/montivilliers\/bar-restaurant\/","title":{"rendered":"Bar &#038; Restaurant"},"content":{"rendered":"<h1><mark><strong>Bar &amp; Restaurant<br \/><\/strong><\/mark><\/h1>\n<h2><mark><strong>Nos cartes<br \/><\/strong><\/mark><\/h2>\n<h3><mark><strong>Restaurant &amp; Bar<\/strong><\/mark><\/h3>\n<hr>\n<div>\n<p><span>Prolongez vos moments de d\u00e9tente et de convivialit\u00e9 par une pause sucr\u00e9e ou sal\u00e9e.\u00a0<\/span><\/p>\n<p><span>Le bar est ouvert tous les jours \u00e0 partir de 14h tandis que Benjamin et son \u00e9quipe vous accueillent les vendredis et samedis soirs au restaurant du Looping !\u00a0<\/span><\/p>\n<p><span>Entr\u00e9es \u00e0 partager, burgers, classiques, salades, desserts maison\u2026, notre carte est vari\u00e9e et vous propose de nombreux produits frais, cuisin\u00e9s sur place et qui raviront vos papilles !<\/span><\/p>\n<p><span>Menus sp\u00e9cialis\u00e9s pour groupes et comit\u00e9s d\u2019entreprises, veuillez nous contacter pour plus d\u2019informations. <\/span><\/p>\n<\/div>\n<ul>\n<li>\n<h3>Carte du Restaurant<\/h3>\n<p><a href=\"\/montivilliers\/wp-content\/uploads\/sites\/4\/Carte-Restaurant-2024-1.pdf\">Voir<\/a><\/p>\n<\/li>\n<li>\n<h3>Carte du Bar<\/h3>\n<p><a href=\"\/montivilliers\/wp-content\/uploads\/sites\/4\/Carte-Bar-2024-1.pdf\">Voir<\/a><\/p>\n<\/li>\n<\/ul>\n<ul>\n<li>\n<p>        <img decoding=\"async\" src=\"\/montivilliers\/wp-content\/uploads\/Groupe-53.png\" alt=\"Emoticone Burger\"><\/p>\n<\/li>\n<li>\n<p>        <img decoding=\"async\" src=\"\/montivilliers\/wp-content\/uploads\/Groupe-55.png\" alt=\"Emoticone Gateau\"><\/p>\n<\/li>\n<li>\n<p>        <img decoding=\"async\" src=\"\/montivilliers\/wp-content\/uploads\/Groupe-57.png\" alt=\"Emoticone Boisson\"><\/p>\n<\/li>\n<li>\n<p>        <img decoding=\"async\" src=\"\/montivilliers\/wp-content\/uploads\/Groupe-60.png\" alt=\"Emoticone Pates\"><\/p>\n<\/li>\n<li>\n<p>        <img decoding=\"async\" src=\"\/montivilliers\/wp-content\/uploads\/Groupe-62.png\" alt=\"Emoticone Pop corn\"><\/p>\n<\/li>\n<li>\n<p>        <img decoding=\"async\" src=\"\/montivilliers\/wp-content\/uploads\/Groupe-64.png\" alt=\"Emoticone Poisson\"><\/p>\n<\/li>\n<li>\n<p>        <img decoding=\"async\" src=\"\/montivilliers\/wp-content\/uploads\/Groupe-66.png\" alt=\"Emoticone Entrecote\"><\/p>\n<\/li>\n<li>\n<p>        <img decoding=\"async\" src=\"\/montivilliers\/wp-content\/uploads\/Groupe-68.png\" alt=\"Emoticone Sonnette\"><\/p>\n<\/li>\n<li>\n<p>        <img decoding=\"async\" src=\"\/montivilliers\/wp-content\/uploads\/Groupe-70.png\" alt=\"Emoticone Cocktail\"><\/p>\n<\/li>\n<li>\n<p>        <img decoding=\"async\" src=\"\/montivilliers\/wp-content\/uploads\/Groupe-72.png\" alt=\"Emoticone Cocktail\"><\/p>\n<\/li>\n<\/ul>\n<div>\n<h3><mark>Horaires d&rsquo;ouverture<\/mark><\/h3>\n<div>\n<div style=\"color: white;\" class=\"uk-panel uk-text-lead uk-margin-large uk-width-xlarge uk-margin-auto uk-scrollspy-inview\">\n<p><span><strong>Restaurant :<\/strong> ouvert le vendredi et le samedi uniquement le soir<\/span><\/p>\n<p><span><strong>Bar :<\/strong> ouvert du lundi au jeudi de 14h \u00e0 1h et jusqu\u2019\u00e0 3h le vendredi et le samedi, le dimanche de 10h \u00e0 1h<\/span><\/p>\n<p>Ouverture exceptionnelle en semaine midi et soir pour les groupes, nous contacter pour toute demande<\/p>\n<\/div>\n<\/div>\n<\/div>\n<p><!--more--><br \/>\n<!-- {\"type\":\"layout\",\"children\":[{\"type\":\"section\",\"props\":{\"animation\":\"fade\",\"header_transparent\":true,\"header_transparent_noplaceholder\":true,\"header_transparent_text_color\":\"dark\",\"height\":\"viewport\",\"height_offset_top\":true,\"height_viewport\":80,\"image\":\"wp-content\\\/uploads\\\/sites\\\/4\\\/homebar1.jpg\",\"image_position\":\"center-center\",\"image_size\":\"cover\",\"media_overlay\":\"rgba(0, 0, 0, 0.5)\",\"padding\":\"large\",\"style\":\"default\",\"title_breakpoint\":\"xl\",\"title_position\":\"top-left\",\"title_rotation\":\"left\",\"vertical_align\":\"middle\",\"width\":\"expand\"},\"children\":[{\"type\":\"row\",\"children\":[{\"type\":\"column\",\"props\":{\"image_position\":\"center-center\",\"position_sticky_breakpoint\":\"m\",\"vertical_align\":\"middle\"},\"children\":[{\"type\":\"headline\",\"props\":{\"content\":\"<mark><strong>Bar &amp; Restaurant<br \\\/><\\\/strong><\\\/mark>\",\"css\":\"mark{\\n\\tpadding : 10px 20px 10px 20px;\\n    background-color : #D9000D;\\n}\",\"margin\":\"small\",\"margin_remove_bottom\":false,\"text_align\":\"center\",\"title_element\":\"h1\",\"title_style\":\"h1\"}}]}],\"props\":{\"height\":\"viewport\",\"height_viewport\":80,\"margin\":\"large\",\"width\":\"expand\"}}],\"name\":\"Header Page Bowling\"},{\"type\":\"section\",\"props\":{\"animation\":\"fade\",\"animation_delay\":\"100\",\"image_position\":\"center-center\",\"overlap\":false,\"padding\":\"large\",\"padding_remove_bottom\":false,\"style\":\"muted\",\"title_breakpoint\":\"xl\",\"title_position\":\"top-left\",\"title_rotation\":\"left\",\"vertical_align\":\"\",\"width\":\"default\"},\"children\":[{\"type\":\"row\",\"props\":{\"layout\":\"1-2,1-2\"},\"children\":[{\"type\":\"column\",\"props\":{\"image_position\":\"center-center\",\"position_sticky_breakpoint\":\"m\",\"vertical_align\":\"middle\",\"width_medium\":\"1-2\"},\"children\":[{\"type\":\"headline\",\"props\":{\"content\":\"<mark><strong>Nos cartes<br \\\/><\\\/strong><\\\/mark>\",\"css\":\"mark{\\n\\tpadding : 20px;\\n    background-color : #D9000D;\\n}\\n\\n@media only screen and (max-width: 1024px) {\\n    .el-element{\\n        text-align : center;\\n        font-size:16px;\\n    }\\n}\",\"margin_remove_bottom\":true,\"title_element\":\"h2\",\"title_style\":\"h3\"}},{\"type\":\"headline\",\"props\":{\"content\":\"<mark><strong>Restaurant &amp; Bar<\\\/strong><\\\/mark>\",\"css\":\"mark{\\n\\tpadding : 10px 20px 20px 20px;\\n     background-color : #D9000D;\\n}\\n\\n@media only screen and (max-width: 1024px) {\\n    .el-element{\\n        text-align : center;\\n        padding-top : 10px;\\n        font-size:16px;\\n    }\\n}\",\"margin_remove_bottom\":false,\"margin_remove_top\":true,\"title_element\":\"h3\",\"title_style\":\"h3\"}},{\"type\":\"divider\",\"props\":{\"css\":\".el-element{\\n\\tborder-top: 5px solid black;\\n}\",\"divider_element\":\"hr\",\"margin\":\"medium\"}},{\"type\":\"text\",\"props\":{\"column_breakpoint\":\"m\",\"content\":\"\n\n<p><span>Prolongez vos moments de d\\u00e9tente et de convivialit\\u00e9 par une pause sucr\\u00e9e ou sal\\u00e9e.\\u00a0<\\\/span><\\\/p>\\n\n\n<p><span>Le bar est ouvert tous les jours \\u00e0 partir de 14h tandis que Benjamin et son \\u00e9quipe vous accueillent les vendredis et samedis soirs au restaurant du Looping !\\u00a0<\\\/span><\\\/p>\\n\n\n<p><span>Entr\\u00e9es \\u00e0 partager, burgers, classiques, salades, desserts maison\\u2026, notre carte est vari\\u00e9e et vous propose de nombreux produits frais, cuisin\\u00e9s sur place et qui raviront vos papilles !<\\\/span><\\\/p>\\n\n\n<p><span>Menus sp\\u00e9cialis\\u00e9s pour groupes et comit\\u00e9s d\\u2019entreprises, veuillez nous contacter pour plus d\\u2019informations. <\\\/span><\\\/p>\",\"css\":\"@media only screen and (max-width: 1024px) {\\n    .el-element{\\n        text-align : justify;\\n    }\\n}\",\"margin\":\"default\",\"text_color\":\"secondary\",\"text_style\":\"lead\"}}]},{\"type\":\"column\",\"props\":{\"image_position\":\"center-center\",\"position_sticky_breakpoint\":\"m\",\"vertical_align\":\"middle\",\"width_medium\":\"1-2\"},\"children\":[{\"type\":\"grid\",\"props\":{\"animation\":\"slide-bottom-medium\",\"content_column_breakpoint\":\"m\",\"css\":\".el-item{\\n\\tborder-radius: 25px;\\n    padding-top : 70%;\\n    padding-bottom : 70%;\\n}\\n\\n.el-title{\\n\\tcolor : white;\\n    font-size : 22px;\\n}\\n\\n.el-link{\\n\\tbackground-color : #161615;\\n    color : white;\\n}\\n\\n\\n.el-link:hover{\\n\\tbackground-color : white;\\n    color : black;\\n}\\n\\n@media only screen and (max-width: 1024px) {\\n    .el-item{\\n        padding-top: 15%;\\n  \\t\\tpadding-bottom: 15%;\\n}\\n\\n}\",\"filter_align\":\"left\",\"filter_all\":true,\"filter_grid_breakpoint\":\"m\",\"filter_grid_width\":\"auto\",\"filter_position\":\"top\",\"filter_style\":\"tab\",\"grid_default\":\"1\",\"grid_medium\":\"2\",\"icon_width\":80,\"image_align\":\"top\",\"image_grid_breakpoint\":\"m\",\"image_grid_width\":\"1-2\",\"image_svg_color\":\"emphasis\",\"item_animation\":true,\"lightbox_bg_close\":true,\"link_style\":\"primary\",\"link_target\":true,\"link_text\":\"Voir\",\"margin\":\"default\",\"meta_align\":\"below-title\",\"meta_element\":\"div\",\"meta_style\":\"text-meta\",\"panel_link\":false,\"parallax_easing\":\"1\",\"show_content\":true,\"show_hover_image\":true,\"show_hover_video\":true,\"show_image\":true,\"show_link\":true,\"show_meta\":true,\"show_title\":true,\"show_video\":true,\"text_align\":\"center\",\"title_align\":\"top\",\"title_element\":\"h3\",\"title_grid_breakpoint\":\"m\",\"title_grid_width\":\"1-2\",\"title_hover_style\":\"reset\",\"title_style\":\"h3\"},\"children\":[{\"type\":\"grid_item\",\"props\":{\"link\":\"wp-content\\\/uploads\\\/sites\\\/4\\\/Carte-Restaurant-2024-1.pdf\",\"link_text\":\"Voir\",\"panel_style\":\"card-secondary\",\"title\":\"Carte du Restaurant\"}},{\"type\":\"grid_item\",\"props\":{\"link\":\"wp-content\\\/uploads\\\/sites\\\/4\\\/Carte-Bar-2024-1.pdf\",\"link_text\":\"Voir\",\"panel_style\":\"card-secondary\",\"title\":\"Carte du Bar\"}}]}]}]},{\"type\":\"row\",\"children\":[{\"type\":\"column\",\"props\":{\"image_position\":\"center-center\",\"position_sticky_breakpoint\":\"m\",\"vertical_align\":\"middle\"},\"children\":[{\"type\":\"grid\",\"props\":{\"content_column_breakpoint\":\"m\",\"css\":\".el-image{\\n\\twidth : 60%;\\n}\\n\\n.el-item{\\n\\tdisplay: block;\\n\\tmargin-top: auto;\\n\\tmargin-bottom: auto;\\n}\\n\\n@media only screen and (max-width: 1024px) {\\n    .el-element{\\n        display:none;\\n    }\\n}\",\"filter_align\":\"left\",\"filter_all\":true,\"filter_grid_breakpoint\":\"m\",\"filter_grid_width\":\"auto\",\"filter_position\":\"top\",\"filter_style\":\"tab\",\"grid_column_gap\":\"small\",\"grid_default\":\"3\",\"grid_medium\":\"auto\",\"icon_width\":80,\"image_align\":\"top\",\"image_grid_breakpoint\":\"m\",\"image_grid_width\":\"1-2\",\"image_svg_color\":\"emphasis\",\"item_animation\":true,\"lightbox_bg_close\":true,\"link_style\":\"default\",\"link_text\":\"Read more\",\"margin\":\"default\",\"meta_align\":\"below-title\",\"meta_element\":\"div\",\"meta_style\":\"text-meta\",\"parallax_easing\":\"1\",\"show_content\":true,\"show_hover_image\":true,\"show_hover_video\":true,\"show_image\":true,\"show_link\":true,\"show_meta\":true,\"show_title\":true,\"show_video\":true,\"text_align\":\"center\",\"title_align\":\"top\",\"title_element\":\"h3\",\"title_grid_breakpoint\":\"m\",\"title_grid_width\":\"1-2\",\"title_hover_style\":\"reset\",\"visibility\":\"s\"},\"children\":[{\"type\":\"grid_item\",\"props\":{\"image\":\"wp-content\\\/uploads\\\/Groupe-53.png\",\"image_alt\":\"Emoticone Burger\"}},{\"type\":\"grid_item\",\"props\":{\"image\":\"wp-content\\\/uploads\\\/Groupe-55.png\",\"image_alt\":\"Emoticone Gateau\"}},{\"type\":\"grid_item\",\"props\":{\"image\":\"wp-content\\\/uploads\\\/Groupe-57.png\",\"image_alt\":\"Emoticone Boisson\"}},{\"type\":\"grid_item\",\"props\":{\"image\":\"wp-content\\\/uploads\\\/Groupe-60.png\",\"image_alt\":\"Emoticone Pates\"}},{\"type\":\"grid_item\",\"props\":{\"image\":\"wp-content\\\/uploads\\\/Groupe-62.png\",\"image_alt\":\"Emoticone Pop corn\"}},{\"type\":\"grid_item\",\"props\":{\"image\":\"wp-content\\\/uploads\\\/Groupe-64.png\",\"image_alt\":\"Emoticone Poisson\"}},{\"type\":\"grid_item\",\"props\":{\"image\":\"wp-content\\\/uploads\\\/Groupe-66.png\",\"image_alt\":\"Emoticone Entrecote\"}},{\"type\":\"grid_item\",\"props\":{\"image\":\"wp-content\\\/uploads\\\/Groupe-68.png\",\"image_alt\":\"Emoticone Sonnette\"}},{\"type\":\"grid_item\",\"props\":{\"image\":\"wp-content\\\/uploads\\\/Groupe-70.png\",\"image_alt\":\"Emoticone Cocktail\"}},{\"type\":\"grid_item\",\"props\":{\"image\":\"wp-content\\\/uploads\\\/Groupe-72.png\",\"image_alt\":\"Emoticone Cocktail\"}}]}]}]},{\"type\":\"row\",\"props\":{\"margin\":\"default\",\"margin_remove_bottom\":true,\"width\":\"default\"},\"children\":[{\"type\":\"column\",\"props\":{\"image_position\":\"center-center\",\"position_sticky_breakpoint\":\"m\"},\"children\":[{\"type\":\"panel\",\"props\":{\"animation\":\"fade\",\"content\":\"\n\n<div style=\\\"color: white;\\\" class=\\\"uk-panel uk-text-lead uk-margin-large uk-width-xlarge uk-margin-auto uk-scrollspy-inview\\\">\\n\n\n<p><span><strong>Restaurant :<\\\/strong> ouvert le vendredi et le samedi uniquement le soir<\\\/span><\\\/p>\\n\n\n<p><span><strong>Bar :<\\\/strong> ouvert du lundi au jeudi de 14h \\u00e0 1h et jusqu\\u2019\\u00e0 3h le vendredi et le samedi, le dimanche de 10h \\u00e0 1h<\\\/span><\\\/p>\\n    \n\n<p>Ouverture exceptionnelle en semaine midi et soir pour les groupes, nous contacter pour toute demande<\\\/p>\\n<\\\/div>\",\"content_column_breakpoint\":\"m\",\"css\":\".el-item{\\n\\tdisplay: block;\\n\\tmargin-top: auto;\\n\\tmargin-bottom: auto;\\n}\\n\\n@media only screen and (max-width: 1024px) {\\n    .el-item{\\n        padding-top: 15%;\\n  \\t\\tpadding-bottom: 15%;\\n}\\n    .el-element{\\n    \\ttext-align : justify;\\n    }\\n}\\n.el-element{\\n    border-radius: 25px;\\n    padding : 20px;\\n    background-color : #161615;\\n    margin-top: 5%;\\n    \\n}\\n\\n.el-title{\\n\\ttext-align:center;\\n    color : white;\\n}\\n\\n.el-content{\\n\\tcolor : white;\\n}\\n\\nmark{\\n\\tpadding : 10px;\\n    background-color : #ffffff;\\n    color : black;\\n}\\n\",\"icon_width\":80,\"image_align\":\"top\",\"image_grid_breakpoint\":\"m\",\"image_grid_width\":\"1-2\",\"image_svg_color\":\"emphasis\",\"link_style\":\"default\",\"link_text\":\"Read more\",\"margin\":\"large\",\"margin_remove_bottom\":true,\"meta_align\":\"below-title\",\"meta_element\":\"div\",\"meta_style\":\"text-meta\",\"panel_style\":\"card-secondary\",\"title\":\"<mark>Horaires d'ouverture<\\\/mark>\",\"title_align\":\"top\",\"title_element\":\"h3\",\"title_grid_breakpoint\":\"m\",\"title_grid_width\":\"1-2\",\"title_hover_style\":\"reset\"}}]}]}],\"name\":\"Cartes bar & restaurant\"}],\"version\":\"4.5.24\"} --><\/p>\n","protected":false},"excerpt":{"rendered":"<p>Bar &amp; Restaurant Nos cartes Restaurant &amp; Bar Prolongez vos moments de d\u00e9tente et de convivialit\u00e9 par une pause sucr\u00e9e ou sal\u00e9e.\u00a0 Le bar est ouvert tous les jours \u00e0 partir de 14h tandis que Benjamin et son \u00e9quipe vous accueillent les vendredis et samedis soirs au restaurant du Looping !\u00a0 Entr\u00e9es \u00e0 partager, burgers, [&hellip;]<\/p>\n","protected":false},"author":1,"featured_media":1626,"parent":0,"menu_order":0,"comment_status":"closed","ping_status":"closed","template":"","meta":{"footnotes":""},"class_list":["post-54","page","type-page","status-publish","has-post-thumbnail","hentry"],"yoast_head":"<!-- This site is optimized with the Yoast SEO plugin v27.5 - https:\/\/yoast.com\/product\/yoast-seo-wordpress\/ -->\n<title>Bar &amp; Restaurant - Le Looping Montivilliers<\/title>\n<meta name=\"description\" content=\"Nos cartes Restaurant &amp; Bar. Prolongez vos moments de d\u00e9tente et de convivialit\u00e9 par une pause sucr\u00e9e ou sal\u00e9e.\" \/>\n<meta name=\"robots\" content=\"index, follow, max-snippet:-1, max-image-preview:large, max-video-preview:-1\" \/>\n<link rel=\"canonical\" href=\"https:\/\/www.lelooping.com\/montivilliers\/bar-restaurant\/\" \/>\n<meta property=\"og:locale\" content=\"fr_FR\" \/>\n<meta property=\"og:type\" content=\"article\" \/>\n<meta property=\"og:title\" content=\"Bar &amp; Restaurant - Le Looping Montivilliers\" \/>\n<meta property=\"og:description\" content=\"Nos cartes Restaurant &amp; Bar. Prolongez vos moments de d\u00e9tente et de convivialit\u00e9 par une pause sucr\u00e9e ou sal\u00e9e.\" \/>\n<meta property=\"og:url\" content=\"https:\/\/www.lelooping.com\/montivilliers\/bar-restaurant\/\" \/>\n<meta property=\"og:site_name\" content=\"Le Looping Montivilliers\" \/>\n<meta property=\"article:modified_time\" content=\"2025-07-23T14:48:25+00:00\" \/>\n<meta property=\"og:image\" content=\"https:\/\/www.lelooping.com\/montivilliers\/wp-content\/uploads\/sites\/4\/AdobeStock_42153501-1024x575.png\" \/>\n\t<meta property=\"og:image:width\" content=\"1024\" \/>\n\t<meta property=\"og:image:height\" content=\"575\" \/>\n\t<meta property=\"og:image:type\" content=\"image\/png\" \/>\n<meta name=\"twitter:card\" content=\"summary_large_image\" \/>\n<meta name=\"twitter:label1\" content=\"Dur\u00e9e de lecture estim\u00e9e\" \/>\n\t<meta name=\"twitter:data1\" content=\"3 minutes\" \/>\n<script type=\"application\/ld+json\" class=\"yoast-schema-graph\">{\"@context\":\"https:\\\/\\\/schema.org\",\"@graph\":[{\"@type\":\"WebPage\",\"@id\":\"https:\\\/\\\/www.lelooping.com\\\/montivilliers\\\/bar-restaurant\\\/\",\"url\":\"https:\\\/\\\/www.lelooping.com\\\/montivilliers\\\/bar-restaurant\\\/\",\"name\":\"Bar & Restaurant - Le Looping Montivilliers\",\"isPartOf\":{\"@id\":\"https:\\\/\\\/www.lelooping.com\\\/montivilliers\\\/#website\"},\"primaryImageOfPage\":{\"@id\":\"https:\\\/\\\/www.lelooping.com\\\/montivilliers\\\/bar-restaurant\\\/#primaryimage\"},\"image\":{\"@id\":\"https:\\\/\\\/www.lelooping.com\\\/montivilliers\\\/bar-restaurant\\\/#primaryimage\"},\"thumbnailUrl\":\"https:\\\/\\\/www.lelooping.com\\\/montivilliers\\\/wp-content\\\/uploads\\\/sites\\\/4\\\/lelooping-scaled.jpg\",\"datePublished\":\"2022-07-29T12:54:37+00:00\",\"dateModified\":\"2025-07-23T14:48:25+00:00\",\"description\":\"Nos cartes Restaurant & Bar. Prolongez vos moments de d\u00e9tente et de convivialit\u00e9 par une pause sucr\u00e9e ou sal\u00e9e.\",\"breadcrumb\":{\"@id\":\"https:\\\/\\\/www.lelooping.com\\\/montivilliers\\\/bar-restaurant\\\/#breadcrumb\"},\"inLanguage\":\"fr-FR\",\"potentialAction\":[{\"@type\":\"ReadAction\",\"target\":[\"https:\\\/\\\/www.lelooping.com\\\/montivilliers\\\/bar-restaurant\\\/\"]}]},{\"@type\":\"ImageObject\",\"inLanguage\":\"fr-FR\",\"@id\":\"https:\\\/\\\/www.lelooping.com\\\/montivilliers\\\/bar-restaurant\\\/#primaryimage\",\"url\":\"https:\\\/\\\/www.lelooping.com\\\/montivilliers\\\/wp-content\\\/uploads\\\/sites\\\/4\\\/lelooping-scaled.jpg\",\"contentUrl\":\"https:\\\/\\\/www.lelooping.com\\\/montivilliers\\\/wp-content\\\/uploads\\\/sites\\\/4\\\/lelooping-scaled.jpg\",\"width\":2560,\"height\":1707,\"caption\":\"Le Looping Montivilliers\"},{\"@type\":\"BreadcrumbList\",\"@id\":\"https:\\\/\\\/www.lelooping.com\\\/montivilliers\\\/bar-restaurant\\\/#breadcrumb\",\"itemListElement\":[{\"@type\":\"ListItem\",\"position\":1,\"name\":\"Accueil\",\"item\":\"https:\\\/\\\/www.lelooping.com\\\/montivilliers\\\/\"},{\"@type\":\"ListItem\",\"position\":2,\"name\":\"Bar &#038; Restaurant\"}]},{\"@type\":\"WebSite\",\"@id\":\"https:\\\/\\\/www.lelooping.com\\\/montivilliers\\\/#website\",\"url\":\"https:\\\/\\\/www.lelooping.com\\\/montivilliers\\\/\",\"name\":\"Le Looping Montivilliers\",\"description\":\"\",\"potentialAction\":[{\"@type\":\"SearchAction\",\"target\":{\"@type\":\"EntryPoint\",\"urlTemplate\":\"https:\\\/\\\/www.lelooping.com\\\/montivilliers\\\/?s={search_term_string}\"},\"query-input\":{\"@type\":\"PropertyValueSpecification\",\"valueRequired\":true,\"valueName\":\"search_term_string\"}}],\"inLanguage\":\"fr-FR\"}]}<\/script>\n<!-- \/ Yoast SEO plugin. -->","yoast_head_json":{"title":"Bar & Restaurant - Le Looping Montivilliers","description":"Nos cartes Restaurant & Bar. Prolongez vos moments de d\u00e9tente et de convivialit\u00e9 par une pause sucr\u00e9e ou sal\u00e9e.","robots":{"index":"index","follow":"follow","max-snippet":"max-snippet:-1","max-image-preview":"max-image-preview:large","max-video-preview":"max-video-preview:-1"},"canonical":"https:\/\/www.lelooping.com\/montivilliers\/bar-restaurant\/","og_locale":"fr_FR","og_type":"article","og_title":"Bar & Restaurant - Le Looping Montivilliers","og_description":"Nos cartes Restaurant & Bar. Prolongez vos moments de d\u00e9tente et de convivialit\u00e9 par une pause sucr\u00e9e ou sal\u00e9e.","og_url":"https:\/\/www.lelooping.com\/montivilliers\/bar-restaurant\/","og_site_name":"Le Looping Montivilliers","article_modified_time":"2025-07-23T14:48:25+00:00","og_image":[{"width":1024,"height":575,"url":"https:\/\/www.lelooping.com\/montivilliers\/wp-content\/uploads\/sites\/4\/AdobeStock_42153501-1024x575.png","type":"image\/png"}],"twitter_card":"summary_large_image","twitter_misc":{"Dur\u00e9e de lecture estim\u00e9e":"3 minutes"},"schema":{"@context":"https:\/\/schema.org","@graph":[{"@type":"WebPage","@id":"https:\/\/www.lelooping.com\/montivilliers\/bar-restaurant\/","url":"https:\/\/www.lelooping.com\/montivilliers\/bar-restaurant\/","name":"Bar & Restaurant - Le Looping Montivilliers","isPartOf":{"@id":"https:\/\/www.lelooping.com\/montivilliers\/#website"},"primaryImageOfPage":{"@id":"https:\/\/www.lelooping.com\/montivilliers\/bar-restaurant\/#primaryimage"},"image":{"@id":"https:\/\/www.lelooping.com\/montivilliers\/bar-restaurant\/#primaryimage"},"thumbnailUrl":"https:\/\/www.lelooping.com\/montivilliers\/wp-content\/uploads\/sites\/4\/lelooping-scaled.jpg","datePublished":"2022-07-29T12:54:37+00:00","dateModified":"2025-07-23T14:48:25+00:00","description":"Nos cartes Restaurant & Bar. Prolongez vos moments de d\u00e9tente et de convivialit\u00e9 par une pause sucr\u00e9e ou sal\u00e9e.","breadcrumb":{"@id":"https:\/\/www.lelooping.com\/montivilliers\/bar-restaurant\/#breadcrumb"},"inLanguage":"fr-FR","potentialAction":[{"@type":"ReadAction","target":["https:\/\/www.lelooping.com\/montivilliers\/bar-restaurant\/"]}]},{"@type":"ImageObject","inLanguage":"fr-FR","@id":"https:\/\/www.lelooping.com\/montivilliers\/bar-restaurant\/#primaryimage","url":"https:\/\/www.lelooping.com\/montivilliers\/wp-content\/uploads\/sites\/4\/lelooping-scaled.jpg","contentUrl":"https:\/\/www.lelooping.com\/montivilliers\/wp-content\/uploads\/sites\/4\/lelooping-scaled.jpg","width":2560,"height":1707,"caption":"Le Looping Montivilliers"},{"@type":"BreadcrumbList","@id":"https:\/\/www.lelooping.com\/montivilliers\/bar-restaurant\/#breadcrumb","itemListElement":[{"@type":"ListItem","position":1,"name":"Accueil","item":"https:\/\/www.lelooping.com\/montivilliers\/"},{"@type":"ListItem","position":2,"name":"Bar &#038; Restaurant"}]},{"@type":"WebSite","@id":"https:\/\/www.lelooping.com\/montivilliers\/#website","url":"https:\/\/www.lelooping.com\/montivilliers\/","name":"Le Looping Montivilliers","description":"","potentialAction":[{"@type":"SearchAction","target":{"@type":"EntryPoint","urlTemplate":"https:\/\/www.lelooping.com\/montivilliers\/?s={search_term_string}"},"query-input":{"@type":"PropertyValueSpecification","valueRequired":true,"valueName":"search_term_string"}}],"inLanguage":"fr-FR"}]}},"_links":{"self":[{"href":"https:\/\/www.lelooping.com\/montivilliers\/wp-json\/wp\/v2\/pages\/54","targetHints":{"allow":["GET"]}}],"collection":[{"href":"https:\/\/www.lelooping.com\/montivilliers\/wp-json\/wp\/v2\/pages"}],"about":[{"href":"https:\/\/www.lelooping.com\/montivilliers\/wp-json\/wp\/v2\/types\/page"}],"author":[{"embeddable":true,"href":"https:\/\/www.lelooping.com\/montivilliers\/wp-json\/wp\/v2\/users\/1"}],"replies":[{"embeddable":true,"href":"https:\/\/www.lelooping.com\/montivilliers\/wp-json\/wp\/v2\/comments?post=54"}],"version-history":[{"count":40,"href":"https:\/\/www.lelooping.com\/montivilliers\/wp-json\/wp\/v2\/pages\/54\/revisions"}],"predecessor-version":[{"id":1910,"href":"https:\/\/www.lelooping.com\/montivilliers\/wp-json\/wp\/v2\/pages\/54\/revisions\/1910"}],"wp:featuredmedia":[{"embeddable":true,"href":"https:\/\/www.lelooping.com\/montivilliers\/wp-json\/wp\/v2\/media\/1626"}],"wp:attachment":[{"href":"https:\/\/www.lelooping.com\/montivilliers\/wp-json\/wp\/v2\/media?parent=54"}],"curies":[{"name":"wp","href":"https:\/\/api.w.org\/{rel}","templated":true}]}}