{"id":51,"date":"2022-07-29T12:52:51","date_gmt":"2022-07-29T12:52:51","guid":{"rendered":"https:\/\/lelooping.sites.dev-dbcom.fr\/montivilliers\/?page_id=51"},"modified":"2025-07-23T14:46:30","modified_gmt":"2025-07-23T14:46:30","slug":"billards-jeux","status":"publish","type":"page","link":"https:\/\/www.lelooping.com\/montivilliers\/billards-jeux\/","title":{"rendered":"Billards &#038; Jeux"},"content":{"rendered":"<h1><mark><strong>Billards &#038; Jeux<\/strong><\/mark><\/h1>\n<h2><mark><strong>Une salle unique dans<br \/><\/strong><\/mark><\/h2>\n<h2><mark><strong>l\u2019agglom\u00e9ration havraise<\/strong><\/mark><\/h2>\n<hr>\n<div>\n<p><span>Pourvu d\u2019une salle d\u00e9di\u00e9e aux billards anglais, Le Looping dispose d\u2019une offre \u00e0 part pour tous, amateurs et confirm\u00e9s :\u00a0<\/span><\/p>\n<\/p>\n<ul>\n<li aria-level=\"1\"><span>12 tables de billards 8 Pool<\/span><\/li>\n<\/ul>\n<p><span>Venez d\u00e9fier vos adversaires dans ce vaste espace \u00e0 la lumi\u00e8re tamis\u00e9e, o\u00f9 r\u00e8gne le calme et la d\u00e9tente. Un lieu unique r\u00e9put\u00e9 pour offrir une qualit\u00e9 de jeu ind\u00e9niable dans toute l\u2019agglom\u00e9ration havraise !\u00a0<\/span><\/p>\n<\/div>\n<h2><mark><strong>Montivilliers et la Normandie :<br \/><\/strong><\/mark><\/h2>\n<h2><mark><strong>une r\u00e9gion passionn\u00e9e de billard<\/strong><\/mark><\/h2>\n<div>\n<p><span>Bien qu\u2019on connaisse la passion des Anglais pour ce sport (les rencontres y sont diffus\u00e9es \u00e0 la TV !), la Normandie n\u2019est pas en reste quant \u00e0 la pratique de ce jeu qui requiert discipline, travail et ma\u00eetrise !\u00a0<\/span><\/p>\n<p><span>Elle compte en effet nombre de sp\u00e9cialistes et de champions de renom et les Montivillons sont nombreux \u00e0 prendre part \u00e0 la comp\u00e9tition.\u00a0<\/span><\/p>\n<\/div>\n<h2><mark><strong>Les tarifs<br \/><\/strong><\/mark><\/h2>\n<hr>\n<div>\n<div class=\"uk-panel uk-text-lead uk-text-secondary uk-margin uk-width-large uk-margin-auto uk-scrollspy-inview \" id=\"page#3-0-1-2\" uk-scrollspy-class=\"\">\n<p><strong>\u203a <span>2\u20ac la partie<\/span><\/strong><strong><\/strong><\/p>\n<\/div>\n<\/div>\n<p><p>\n        <a href=\"\/montivilliers\/wp-content\/uploads\/Regles-du-jeu_Le-looping.jpg\">Consultez les obligations et les fautes au billard<\/a>\n    <\/p>\n<\/p>\n<p><!--more--><br \/>\n<!-- {\"type\":\"layout\",\"children\":[{\"type\":\"section\",\"props\":{\"animation\":\"fade\",\"header_transparent\":true,\"header_transparent_noplaceholder\":true,\"header_transparent_text_color\":\"dark\",\"height\":\"viewport\",\"height_offset_top\":true,\"height_viewport\":80,\"image\":\"wp-content\\\/uploads\\\/sites\\\/4\\\/jeux1.jpg\",\"image_position\":\"top-center\",\"image_size\":\"cover\",\"media_overlay\":\"rgba(0, 0, 0, 0.5)\",\"padding\":\"large\",\"style\":\"default\",\"title_breakpoint\":\"xl\",\"title_position\":\"top-left\",\"title_rotation\":\"left\",\"vertical_align\":\"middle\",\"width\":\"expand\"},\"children\":[{\"type\":\"row\",\"children\":[{\"type\":\"column\",\"props\":{\"image_position\":\"center-center\",\"position_sticky_breakpoint\":\"m\",\"vertical_align\":\"middle\"},\"children\":[{\"type\":\"headline\",\"props\":{\"content\":\"<mark><strong>Billards & Jeux<\\\/strong><\\\/mark>\",\"css\":\"mark{\\n\\tpadding : 10px 20px 10px 20px;\\n    background-color : #D9000D;\\n}\",\"margin\":\"small\",\"margin_remove_bottom\":false,\"text_align\":\"center\",\"title_element\":\"h1\",\"title_style\":\"h1\"}}]}],\"props\":{\"height\":\"viewport\",\"height_viewport\":80,\"margin\":\"large\",\"width\":\"expand\"}}],\"name\":\"Header Page Bowling\"},{\"type\":\"section\",\"props\":{\"animation\":\"slide-left-medium\",\"css\":\".el-section{\\n\\nmargin-left : -41px;\\nmargin-right : -41px;\\n}\",\"height\":\"viewport\",\"height_viewport\":80,\"image_position\":\"center-center\",\"padding_remove_bottom\":true,\"padding_remove_top\":true,\"preserve_color\":false,\"style\":\"secondary\",\"title_breakpoint\":\"xl\",\"title_position\":\"top-left\",\"title_rotation\":\"left\",\"vertical_align\":\"middle\",\"width\":\"expand\"},\"children\":[{\"type\":\"row\",\"props\":{\"column_gap\":\"collapse\",\"height\":\"viewport\",\"height_viewport\":80,\"layout\":\"1-2,1-2\",\"margin\":\"remove-vertical\",\"row_gap\":\"collapse\"},\"children\":[{\"type\":\"column\",\"props\":{\"css\":\"@media only screen and (max-width: 1024px) {\\n    .el-column{\\n        display :none;\\n    }\\n}\\n\",\"image\":\"wp-content\\\/uploads\\\/sites\\\/4\\\/salle1.jpg\",\"image_position\":\"center-center\",\"image_size\":\"cover\",\"position_sticky_breakpoint\":\"m\",\"preserve_color\":false,\"style\":\"tile-primary\",\"vertical_align\":\"middle\",\"width_medium\":\"1-2\"}},{\"type\":\"column\",\"props\":{\"css\":\"@media only screen and (max-width: 1024px) {\\n    .el-column{\\n\\t\\tpadding: 10%;\\n\\t}\\n\\n}\",\"image_position\":\"center-center\",\"image_size\":\"cover\",\"position_sticky_breakpoint\":\"m\",\"style\":\"tile-secondary\",\"vertical_align\":\"middle\",\"width_medium\":\"1-2\"},\"children\":[{\"type\":\"headline\",\"props\":{\"block_align\":\"center\",\"content\":\"<mark><strong>Une salle unique dans<br \\\/><\\\/strong><\\\/mark>\",\"css\":\"mark{\\n\\tpadding : 20px;\\n    background-color : #E42313;\\n}\\n\\n@media only screen and (max-width: 1024px) {\\n    .el-element{\\n    text-align: center;\\n        font-size : 16px;\\n    }\\n}\",\"margin_remove_bottom\":true,\"maxwidth\":\"large\",\"title_element\":\"h2\",\"title_style\":\"h3\"}},{\"type\":\"headline\",\"props\":{\"block_align\":\"center\",\"content\":\"<mark><strong>l\\u2019agglom\\u00e9ration havraise<\\\/strong><\\\/mark>\",\"css\":\"mark{\\n\\tpadding : 10px 20px 20px 20px;\\n     background-color : #E42313;\\n}\\n\\n@media only screen and (max-width: 1024px) {\\n    .el-element{\\n        padding-top : 10px;\\n        font-size : 16px;\\n        text-align:center;\\n    }\\n}\",\"margin_remove_bottom\":false,\"margin_remove_top\":true,\"maxwidth\":\"large\",\"title_element\":\"h2\",\"title_style\":\"h3\"}},{\"type\":\"divider\",\"props\":{\"block_align\":\"center\",\"css\":\".el-element{\\n\\tborder-top: 5px solid white;\\n}\",\"divider_element\":\"hr\",\"margin\":\"medium\",\"maxwidth\":\"large\"}},{\"type\":\"text\",\"props\":{\"block_align\":\"center\",\"column_breakpoint\":\"m\",\"content\":\"\n\n<p><span>Pourvu d\\u2019une salle d\\u00e9di\\u00e9e aux billards anglais, Le Looping dispose d\\u2019une offre \\u00e0 part pour tous, amateurs et confirm\\u00e9s :\\u00a0<\\\/span><\\\/p>\\n\n\n<p><\\\/p>\\n\n\n<ul>\\n\n\n<li aria-level=\\\"1\\\"><span>12 tables de billards 8 Pool<\\\/span><\\\/li>\\n<\\\/ul>\\n\n\n<p><\\\/p>\\n\n\n<p><span>Venez d\\u00e9fier vos adversaires dans ce vaste espace \\u00e0 la lumi\\u00e8re tamis\\u00e9e, o\\u00f9 r\\u00e8gne le calme et la d\\u00e9tente. Un lieu unique r\\u00e9put\\u00e9 pour offrir une qualit\\u00e9 de jeu ind\\u00e9niable dans toute l\\u2019agglom\\u00e9ration havraise !\\u00a0<\\\/span><\\\/p>\",\"css\":\"@media only screen and (max-width: 1024px) {\\n    .el-element{\\n        text-align : justify;\\n    }\\n}\",\"margin\":\"default\",\"maxwidth\":\"large\",\"text_color\":\"secondary\",\"text_style\":\"lead\"}}]}]}],\"name\":\"Nos clubs\"},{\"type\":\"section\",\"props\":{\"animation\":\"fade\",\"animation_delay\":\"100\",\"image_position\":\"center-center\",\"image_size\":\"cover\",\"media_overlay\":\"rgba(2, 2, 2, 0.64)\",\"style\":\"muted\",\"title_breakpoint\":\"xl\",\"title_position\":\"top-left\",\"title_rotation\":\"left\",\"vertical_align\":\"\",\"width\":\"default\"},\"children\":[{\"type\":\"row\",\"children\":[{\"type\":\"column\",\"props\":{\"image_position\":\"center-center\",\"position_sticky_breakpoint\":\"m\"},\"children\":[{\"type\":\"headline\",\"props\":{\"animation\":\"slide-right-small\",\"block_align\":\"center\",\"content\":\"<mark><strong>Montivilliers et la Normandie :<br \\\/><\\\/strong><\\\/mark>\",\"css\":\"mark{\\n\\tpadding : 20px;\\n    background-color : #161615;\\n}\\n\\n@media only screen and (max-width: 1024px) {\\n    .el-element{\\n    text-align: center;\\n        font-size : 16px;\\n    }\\n}\",\"margin_remove_bottom\":false,\"text_align\":\"center\",\"title_element\":\"h2\",\"title_style\":\"h3\"}},{\"type\":\"headline\",\"props\":{\"animation\":\"slide-right-small\",\"block_align\":\"center\",\"content\":\"<mark><strong>une r\\u00e9gion passionn\\u00e9e de billard<\\\/strong><\\\/mark>\",\"css\":\"mark{\\n\\tpadding : 10px 20px 20px 20px;\\n     background-color : #161615;\\n}\\n\\n@media only screen and (max-width: 1024px) {\\n    .el-element{\\n        padding-top : 10px;\\n        font-size : 16px;\\n        text-align:center;\\n    }\\n}\",\"margin_remove_bottom\":false,\"margin_remove_top\":true,\"text_align\":\"center\",\"title_element\":\"h2\",\"title_style\":\"h3\"}},{\"type\":\"text\",\"props\":{\"animation\":\"slide-right-small\",\"block_align\":\"center\",\"column_breakpoint\":\"m\",\"content\":\"\n\n<p><span>Bien qu\\u2019on connaisse la passion des Anglais pour ce sport (les rencontres y sont diffus\\u00e9es \\u00e0 la TV !), la Normandie n\\u2019est pas en reste quant \\u00e0 la pratique de ce jeu qui requiert discipline, travail et ma\\u00eetrise !\\u00a0<\\\/span><\\\/p>\\n\n\n<p><span>Elle compte en effet nombre de sp\\u00e9cialistes et de champions de renom et les Montivillons sont nombreux \\u00e0 prendre part \\u00e0 la comp\\u00e9tition.\\u00a0<\\\/span><\\\/p>\",\"css\":\"@media only screen and (max-width: 1024px) {\\n    .el-element{\\n        text-align : justify;\\n    }\\n}\\n.el-element{\\n\\t   text-align : justify;\\n}\",\"margin\":\"large\",\"maxwidth\":\"xlarge\",\"text_color\":\"secondary\",\"text_style\":\"lead\"}}]}]}],\"name\":\"Star Wars\"},{\"type\":\"section\",\"props\":{\"animation\":\"slide-left-medium\",\"css\":\".el-section{\\n\\nmargin-left : -41px;\\nmargin-right : -41px;\\n}\",\"height\":\"viewport\",\"height_viewport\":80,\"image_position\":\"center-center\",\"padding_remove_bottom\":true,\"padding_remove_top\":true,\"preserve_color\":false,\"style\":\"primary\",\"title_breakpoint\":\"xl\",\"title_position\":\"top-left\",\"title_rotation\":\"left\",\"vertical_align\":\"middle\",\"width\":\"expand\"},\"children\":[{\"type\":\"row\",\"props\":{\"column_gap\":\"collapse\",\"height\":\"viewport\",\"height_viewport\":80,\"layout\":\"1-2,1-2\",\"margin\":\"remove-vertical\",\"row_gap\":\"collapse\"},\"children\":[{\"type\":\"column\",\"props\":{\"css\":\"@media only screen and (max-width: 1024px) {\\n    .el-column{\\n\\t\\tpadding: 10%;\\n\\t}\\n\\n}\",\"image_position\":\"center-center\",\"position_sticky_breakpoint\":\"m\",\"preserve_color\":false,\"style\":\"tile-primary\",\"vertical_align\":\"middle\",\"width_medium\":\"1-2\"},\"children\":[{\"type\":\"headline\",\"props\":{\"block_align\":\"center\",\"content\":\"<mark><strong>Les tarifs<br \\\/><\\\/strong><\\\/mark>\",\"css\":\"mark{\\n\\tpadding : 20px;\\n    background-color : #161615;\\n}\\n\\n@media only screen and (max-width: 1024px) {\\n    .el-element{\\n    text-align: center;\\n        font-size : 16px;\\n    }\\n}\",\"margin_remove_bottom\":true,\"maxwidth\":\"large\",\"title_element\":\"h2\",\"title_style\":\"h3\"}},{\"type\":\"divider\",\"props\":{\"block_align\":\"center\",\"css\":\".el-element{\\n\\tborder-top: 5px solid white;\\n}\",\"divider_element\":\"hr\",\"margin\":\"medium\",\"maxwidth\":\"large\"}},{\"type\":\"text\",\"props\":{\"block_align\":\"center\",\"column_breakpoint\":\"m\",\"content\":\"\n\n<div class=\\\"uk-panel uk-text-lead uk-text-secondary uk-margin uk-width-large uk-margin-auto uk-scrollspy-inview \\\" id=\\\"page#3-0-1-2\\\" uk-scrollspy-class=\\\"\\\">\\n\n\n<p><strong>\\u203a <span>2\\u20ac la partie<\\\/span><\\\/strong><strong><\\\/strong><\\\/p>\\n<\\\/div>\",\"css\":\"@media only screen and (max-width: 1024px) {\\n    .el-element{\\n        text-align : center;\\n    }\\n}\",\"margin\":\"default\",\"maxwidth\":\"large\",\"text_color\":\"secondary\",\"text_style\":\"lead\"}},{\"type\":\"button\",\"props\":{\"block_align\":\"center\",\"css\":\"@media only screen and (max-width: 1024px) {\\n    .el-element{\\n        text-align:center;\\n    }\\n}\\n\\n.el-content{\\n\\tbackground-color : #161615;\\n    color : white;\\n}\\n\\n.el-content:hover{\\n\\tbackground-color : white;\\n    color : black;\\n    border-color : black;\\n}\",\"grid_column_gap\":\"small\",\"grid_row_gap\":\"small\",\"margin\":\"default\",\"maxwidth\":\"large\"},\"children\":[{\"type\":\"button_item\",\"props\":{\"button_style\":\"secondary\",\"content\":\"Consultez les obligations et les fautes au billard\",\"dialog_layout\":\"modal\",\"dialog_offcanvas_flip\":true,\"icon_align\":\"left\",\"link\":\"wp-content\\\/uploads\\\/Regles-du-jeu_Le-looping.jpg\",\"link_target\":\"modal\",\"link_title\":\"R\\u00e8gles du billard anglais\"}}]}]},{\"type\":\"column\",\"props\":{\"image\":\"wp-content\\\/uploads\\\/sites\\\/4\\\/zoombillard1.jpg\",\"image_position\":\"bottom-center\",\"image_size\":\"cover\",\"padding\":\"none\",\"position_sticky_breakpoint\":\"m\",\"vertical_align\":\"middle\",\"width_medium\":\"1-2\"}}]}],\"name\":\"Section team building\"}],\"version\":\"4.5.24\"} --><\/p>\n","protected":false},"excerpt":{"rendered":"<p>Billards &#038; Jeux Une salle unique dans l\u2019agglom\u00e9ration havraise Pourvu d\u2019une salle d\u00e9di\u00e9e aux billards anglais, Le Looping dispose d\u2019une offre \u00e0 part pour tous, amateurs et confirm\u00e9s :\u00a0 12 tables de billards 8 Pool Venez d\u00e9fier vos adversaires dans ce vaste espace \u00e0 la lumi\u00e8re tamis\u00e9e, o\u00f9 r\u00e8gne le calme et la d\u00e9tente. Un [&hellip;]<\/p>\n","protected":false},"author":1,"featured_media":609,"parent":0,"menu_order":0,"comment_status":"closed","ping_status":"closed","template":"","meta":{"footnotes":""},"class_list":["post-51","page","type-page","status-publish","has-post-thumbnail","hentry"],"yoast_head":"<!-- This site is optimized with the Yoast SEO plugin v27.5 - https:\/\/yoast.com\/product\/yoast-seo-wordpress\/ -->\n<title>Billards &amp; Jeux - Le Looping Montivilliers<\/title>\n<meta name=\"description\" content=\"Venez d\u00e9fier vos adversaires dans ce vaste espace \u00e0 la lumi\u00e8re tamis\u00e9e, o\u00f9 r\u00e8gne le calme et la d\u00e9tente.\" \/>\n<meta name=\"robots\" content=\"index, follow, max-snippet:-1, max-image-preview:large, max-video-preview:-1\" \/>\n<link rel=\"canonical\" href=\"https:\/\/www.lelooping.com\/montivilliers\/billards-jeux\/\" \/>\n<meta property=\"og:locale\" content=\"fr_FR\" \/>\n<meta property=\"og:type\" content=\"article\" \/>\n<meta property=\"og:title\" content=\"Billards &amp; Jeux - Le Looping Montivilliers\" \/>\n<meta property=\"og:description\" content=\"Venez d\u00e9fier vos adversaires dans ce vaste espace \u00e0 la lumi\u00e8re tamis\u00e9e, o\u00f9 r\u00e8gne le calme et la d\u00e9tente.\" \/>\n<meta property=\"og:url\" content=\"https:\/\/www.lelooping.com\/montivilliers\/billards-jeux\/\" \/>\n<meta property=\"og:site_name\" content=\"Le Looping Montivilliers\" \/>\n<meta property=\"article:modified_time\" content=\"2025-07-23T14:46:30+00:00\" \/>\n<meta property=\"og:image\" content=\"https:\/\/www.lelooping.com\/montivilliers\/wp-content\/uploads\/sites\/4\/jonas-thijs-ih2IlFTDpjY-unsplash-scaled.jpg\" \/>\n\t<meta property=\"og:image:width\" content=\"2560\" \/>\n\t<meta property=\"og:image:height\" content=\"1707\" \/>\n\t<meta property=\"og:image:type\" content=\"image\/jpeg\" \/>\n<meta name=\"twitter:card\" content=\"summary_large_image\" \/>\n<meta name=\"twitter:label1\" content=\"Dur\u00e9e de lecture estim\u00e9e\" \/>\n\t<meta name=\"twitter:data1\" content=\"1 minute\" \/>\n<script type=\"application\/ld+json\" class=\"yoast-schema-graph\">{\"@context\":\"https:\\\/\\\/schema.org\",\"@graph\":[{\"@type\":\"WebPage\",\"@id\":\"https:\\\/\\\/www.lelooping.com\\\/montivilliers\\\/billards-jeux\\\/\",\"url\":\"https:\\\/\\\/www.lelooping.com\\\/montivilliers\\\/billards-jeux\\\/\",\"name\":\"Billards & Jeux - Le Looping Montivilliers\",\"isPartOf\":{\"@id\":\"https:\\\/\\\/www.lelooping.com\\\/montivilliers\\\/#website\"},\"primaryImageOfPage\":{\"@id\":\"https:\\\/\\\/www.lelooping.com\\\/montivilliers\\\/billards-jeux\\\/#primaryimage\"},\"image\":{\"@id\":\"https:\\\/\\\/www.lelooping.com\\\/montivilliers\\\/billards-jeux\\\/#primaryimage\"},\"thumbnailUrl\":\"https:\\\/\\\/www.lelooping.com\\\/montivilliers\\\/wp-content\\\/uploads\\\/sites\\\/4\\\/jonas-thijs-ih2IlFTDpjY-unsplash-scaled.jpg\",\"datePublished\":\"2022-07-29T12:52:51+00:00\",\"dateModified\":\"2025-07-23T14:46:30+00:00\",\"description\":\"Venez d\u00e9fier vos adversaires dans ce vaste espace \u00e0 la lumi\u00e8re tamis\u00e9e, o\u00f9 r\u00e8gne le calme et la d\u00e9tente.\",\"breadcrumb\":{\"@id\":\"https:\\\/\\\/www.lelooping.com\\\/montivilliers\\\/billards-jeux\\\/#breadcrumb\"},\"inLanguage\":\"fr-FR\",\"potentialAction\":[{\"@type\":\"ReadAction\",\"target\":[\"https:\\\/\\\/www.lelooping.com\\\/montivilliers\\\/billards-jeux\\\/\"]}]},{\"@type\":\"ImageObject\",\"inLanguage\":\"fr-FR\",\"@id\":\"https:\\\/\\\/www.lelooping.com\\\/montivilliers\\\/billards-jeux\\\/#primaryimage\",\"url\":\"https:\\\/\\\/www.lelooping.com\\\/montivilliers\\\/wp-content\\\/uploads\\\/sites\\\/4\\\/jonas-thijs-ih2IlFTDpjY-unsplash-scaled.jpg\",\"contentUrl\":\"https:\\\/\\\/www.lelooping.com\\\/montivilliers\\\/wp-content\\\/uploads\\\/sites\\\/4\\\/jonas-thijs-ih2IlFTDpjY-unsplash-scaled.jpg\",\"width\":2560,\"height\":1707,\"caption\":\"billard\"},{\"@type\":\"BreadcrumbList\",\"@id\":\"https:\\\/\\\/www.lelooping.com\\\/montivilliers\\\/billards-jeux\\\/#breadcrumb\",\"itemListElement\":[{\"@type\":\"ListItem\",\"position\":1,\"name\":\"Accueil\",\"item\":\"https:\\\/\\\/www.lelooping.com\\\/montivilliers\\\/\"},{\"@type\":\"ListItem\",\"position\":2,\"name\":\"Billards &#038; Jeux\"}]},{\"@type\":\"WebSite\",\"@id\":\"https:\\\/\\\/www.lelooping.com\\\/montivilliers\\\/#website\",\"url\":\"https:\\\/\\\/www.lelooping.com\\\/montivilliers\\\/\",\"name\":\"Le Looping Montivilliers\",\"description\":\"\",\"potentialAction\":[{\"@type\":\"SearchAction\",\"target\":{\"@type\":\"EntryPoint\",\"urlTemplate\":\"https:\\\/\\\/www.lelooping.com\\\/montivilliers\\\/?s={search_term_string}\"},\"query-input\":{\"@type\":\"PropertyValueSpecification\",\"valueRequired\":true,\"valueName\":\"search_term_string\"}}],\"inLanguage\":\"fr-FR\"}]}<\/script>\n<!-- \/ Yoast SEO plugin. -->","yoast_head_json":{"title":"Billards & Jeux - Le Looping Montivilliers","description":"Venez d\u00e9fier vos adversaires dans ce vaste espace \u00e0 la lumi\u00e8re tamis\u00e9e, o\u00f9 r\u00e8gne le calme et la d\u00e9tente.","robots":{"index":"index","follow":"follow","max-snippet":"max-snippet:-1","max-image-preview":"max-image-preview:large","max-video-preview":"max-video-preview:-1"},"canonical":"https:\/\/www.lelooping.com\/montivilliers\/billards-jeux\/","og_locale":"fr_FR","og_type":"article","og_title":"Billards & Jeux - Le Looping Montivilliers","og_description":"Venez d\u00e9fier vos adversaires dans ce vaste espace \u00e0 la lumi\u00e8re tamis\u00e9e, o\u00f9 r\u00e8gne le calme et la d\u00e9tente.","og_url":"https:\/\/www.lelooping.com\/montivilliers\/billards-jeux\/","og_site_name":"Le Looping Montivilliers","article_modified_time":"2025-07-23T14:46:30+00:00","og_image":[{"width":2560,"height":1707,"url":"https:\/\/www.lelooping.com\/montivilliers\/wp-content\/uploads\/sites\/4\/jonas-thijs-ih2IlFTDpjY-unsplash-scaled.jpg","type":"image\/jpeg"}],"twitter_card":"summary_large_image","twitter_misc":{"Dur\u00e9e de lecture estim\u00e9e":"1 minute"},"schema":{"@context":"https:\/\/schema.org","@graph":[{"@type":"WebPage","@id":"https:\/\/www.lelooping.com\/montivilliers\/billards-jeux\/","url":"https:\/\/www.lelooping.com\/montivilliers\/billards-jeux\/","name":"Billards & Jeux - Le Looping Montivilliers","isPartOf":{"@id":"https:\/\/www.lelooping.com\/montivilliers\/#website"},"primaryImageOfPage":{"@id":"https:\/\/www.lelooping.com\/montivilliers\/billards-jeux\/#primaryimage"},"image":{"@id":"https:\/\/www.lelooping.com\/montivilliers\/billards-jeux\/#primaryimage"},"thumbnailUrl":"https:\/\/www.lelooping.com\/montivilliers\/wp-content\/uploads\/sites\/4\/jonas-thijs-ih2IlFTDpjY-unsplash-scaled.jpg","datePublished":"2022-07-29T12:52:51+00:00","dateModified":"2025-07-23T14:46:30+00:00","description":"Venez d\u00e9fier vos adversaires dans ce vaste espace \u00e0 la lumi\u00e8re tamis\u00e9e, o\u00f9 r\u00e8gne le calme et la d\u00e9tente.","breadcrumb":{"@id":"https:\/\/www.lelooping.com\/montivilliers\/billards-jeux\/#breadcrumb"},"inLanguage":"fr-FR","potentialAction":[{"@type":"ReadAction","target":["https:\/\/www.lelooping.com\/montivilliers\/billards-jeux\/"]}]},{"@type":"ImageObject","inLanguage":"fr-FR","@id":"https:\/\/www.lelooping.com\/montivilliers\/billards-jeux\/#primaryimage","url":"https:\/\/www.lelooping.com\/montivilliers\/wp-content\/uploads\/sites\/4\/jonas-thijs-ih2IlFTDpjY-unsplash-scaled.jpg","contentUrl":"https:\/\/www.lelooping.com\/montivilliers\/wp-content\/uploads\/sites\/4\/jonas-thijs-ih2IlFTDpjY-unsplash-scaled.jpg","width":2560,"height":1707,"caption":"billard"},{"@type":"BreadcrumbList","@id":"https:\/\/www.lelooping.com\/montivilliers\/billards-jeux\/#breadcrumb","itemListElement":[{"@type":"ListItem","position":1,"name":"Accueil","item":"https:\/\/www.lelooping.com\/montivilliers\/"},{"@type":"ListItem","position":2,"name":"Billards &#038; Jeux"}]},{"@type":"WebSite","@id":"https:\/\/www.lelooping.com\/montivilliers\/#website","url":"https:\/\/www.lelooping.com\/montivilliers\/","name":"Le Looping Montivilliers","description":"","potentialAction":[{"@type":"SearchAction","target":{"@type":"EntryPoint","urlTemplate":"https:\/\/www.lelooping.com\/montivilliers\/?s={search_term_string}"},"query-input":{"@type":"PropertyValueSpecification","valueRequired":true,"valueName":"search_term_string"}}],"inLanguage":"fr-FR"}]}},"_links":{"self":[{"href":"https:\/\/www.lelooping.com\/montivilliers\/wp-json\/wp\/v2\/pages\/51","targetHints":{"allow":["GET"]}}],"collection":[{"href":"https:\/\/www.lelooping.com\/montivilliers\/wp-json\/wp\/v2\/pages"}],"about":[{"href":"https:\/\/www.lelooping.com\/montivilliers\/wp-json\/wp\/v2\/types\/page"}],"author":[{"embeddable":true,"href":"https:\/\/www.lelooping.com\/montivilliers\/wp-json\/wp\/v2\/users\/1"}],"replies":[{"embeddable":true,"href":"https:\/\/www.lelooping.com\/montivilliers\/wp-json\/wp\/v2\/comments?post=51"}],"version-history":[{"count":25,"href":"https:\/\/www.lelooping.com\/montivilliers\/wp-json\/wp\/v2\/pages\/51\/revisions"}],"predecessor-version":[{"id":1908,"href":"https:\/\/www.lelooping.com\/montivilliers\/wp-json\/wp\/v2\/pages\/51\/revisions\/1908"}],"wp:featuredmedia":[{"embeddable":true,"href":"https:\/\/www.lelooping.com\/montivilliers\/wp-json\/wp\/v2\/media\/609"}],"wp:attachment":[{"href":"https:\/\/www.lelooping.com\/montivilliers\/wp-json\/wp\/v2\/media?parent=51"}],"curies":[{"name":"wp","href":"https:\/\/api.w.org\/{rel}","templated":true}]}}