{"id":48,"date":"2022-07-29T12:51:52","date_gmt":"2022-07-29T12:51:52","guid":{"rendered":"https:\/\/lelooping.sites.dev-dbcom.fr\/montivilliers\/?page_id=48"},"modified":"2025-07-23T14:44:17","modified_gmt":"2025-07-23T14:44:17","slug":"laser-game","status":"publish","type":"page","link":"https:\/\/www.lelooping.com\/montivilliers\/laser-game\/","title":{"rendered":"Laser Game"},"content":{"rendered":"<h1><mark><strong>Laser Game<\/strong><\/mark><\/h1>\n<h2><mark><strong>Une salle de 300m2<br \/><\/strong><\/mark><\/h2>\n<div><mark><strong>pouvant accueillir jusqu\u2019\u00e0<\/strong><\/mark><\/div>\n<div><mark><strong>20 personnes<\/strong><\/mark><\/div>\n<hr>\n<div>\n<p><span>Dot\u00e9 d\u2019un mat\u00e9riel derni\u00e8re g\u00e9n\u00e9ration (In\u00e9dit en France, l\u2019un des plus performants du Havre et de Normandie) et d\u2019un espace 100% modulable, venez profiter en toute s\u00e9curit\u00e9 de notre laser game !\u00a0<\/span><\/p>\n<p><span>Sp\u00e9cialement con\u00e7u pour accueillir jusqu\u2019\u00e0 20 personnes en m\u00eame temps, notre laser game s\u2019adapte \u00e0 tous les styles de joueurs <\/span>\u00e0 partir de 7 ans.<\/p>\n<\/p>\n<p><span>Vous \u00e9voluerez dans une salle de 300m2 au d\u00e9cor futuriste d&rsquo;une ancienne usine atomique lunaire o\u00f9 r\u00e8gne une ambiance lugubre et sombre.\u00a0<\/span><\/p>\n<p><span>Votre objectif : remporter le maximum de points en visant vos adversaires et vos cibles diss\u00e9min\u00e9es un peu partout dans le jeu !<\/span><\/p>\n<p><span>Vous serez guid\u00e9s par les inscriptions phosphorescentes sur les murs tandis qu\u2019une musique \u00e9lectro couvrira le bruit de vos d\u00e9placements. Une fum\u00e9e provenant d\u2019un r\u00e9acteur endommag\u00e9 brouillera toutes vos pistes\u2026\u00a0<\/span><\/p>\n<p><span>Bonne chance et \u00e0 bient\u00f4t !<\/span><\/p>\n<\/div>\n<p><img decoding=\"async\" src=\"\/montivilliers\/wp-content\/uploads\/sites\/4\/zoomlaser1.jpg\" alt=\"Zoom Laser\"><\/p>\n<h2><mark><strong>Les tarifs<br \/><\/strong><\/mark><\/h2>\n<hr>\n<div>\n<p><strong>1 partie de 20 min -\u203a <\/strong>8\u20ac<\/p>\n<p><strong>2 parties de 20 min -\u203a <\/strong>14\u20ac<\/p>\n<p><strong>1 partie de 30 min -\u203a <\/strong>11\u20ac<\/p>\n<\/div>\n<p><!--more--><br \/>\n<!-- {\"type\":\"layout\",\"children\":[{\"type\":\"section\",\"props\":{\"animation\":\"fade\",\"header_transparent\":true,\"header_transparent_noplaceholder\":true,\"header_transparent_text_color\":\"dark\",\"height\":\"viewport\",\"height_offset_top\":true,\"height_viewport\":80,\"image\":\"wp-content\\\/uploads\\\/sites\\\/4\\\/home-lasergame.jpg\",\"image_position\":\"top-center\",\"image_size\":\"cover\",\"media_overlay\":\"rgba(0, 0, 0, 0.15)\",\"padding\":\"large\",\"style\":\"default\",\"title_breakpoint\":\"xl\",\"title_position\":\"top-left\",\"title_rotation\":\"left\",\"vertical_align\":\"middle\",\"width\":\"expand\"},\"children\":[{\"type\":\"row\",\"children\":[{\"type\":\"column\",\"props\":{\"image_position\":\"center-center\",\"position_sticky_breakpoint\":\"m\",\"vertical_align\":\"middle\"},\"children\":[{\"type\":\"headline\",\"props\":{\"content\":\"<mark><strong>Laser Game<\\\/strong><\\\/mark>\",\"css\":\"mark{\\n\\tpadding : 10px 20px 10px 20px;\\n    background-color : #D9000D;\\n}\",\"margin\":\"small\",\"margin_remove_bottom\":false,\"text_align\":\"center\",\"title_element\":\"h1\",\"title_style\":\"h1\"}}]}],\"props\":{\"height\":\"viewport\",\"height_viewport\":80,\"margin\":\"large\",\"width\":\"expand\"}}],\"name\":\"Header Page Bowling\"},{\"type\":\"section\",\"props\":{\"animation\":\"slide-left-medium\",\"css\":\".el-section{\\n\\nmargin-left : -41px;\\nmargin-right : -41px;\\n}\",\"height\":\"viewport\",\"height_viewport\":80,\"image_position\":\"center-center\",\"padding_remove_bottom\":true,\"padding_remove_top\":true,\"preserve_color\":false,\"style\":\"primary\",\"title_breakpoint\":\"xl\",\"title_position\":\"top-left\",\"title_rotation\":\"left\",\"vertical_align\":\"middle\",\"width\":\"expand\"},\"children\":[{\"type\":\"row\",\"props\":{\"column_gap\":\"collapse\",\"height\":\"viewport\",\"height_viewport\":80,\"layout\":\"1-2,1-2\",\"margin\":\"remove-vertical\",\"row_gap\":\"collapse\"},\"children\":[{\"type\":\"column\",\"props\":{\"css\":\"@media only screen and (max-width: 1024px) {\\n    .el-column{\\n\\t\\tpadding: 10%;\\n\\t}\\n\\n}\",\"image_position\":\"center-center\",\"position_sticky_breakpoint\":\"m\",\"preserve_color\":false,\"style\":\"tile-primary\",\"vertical_align\":\"middle\",\"width_medium\":\"1-2\"},\"children\":[{\"type\":\"headline\",\"props\":{\"block_align\":\"center\",\"content\":\"<mark><strong>Une salle de 300m2<br \\\/><\\\/strong><\\\/mark>\",\"css\":\"mark{\\n\\tpadding : 20px;\\n    background-color : #161615;\\n}\\n\\n@media only screen and (max-width: 1024px) {\\n    .el-element{\\n    text-align: center;\\n        font-size : 16px;\\n    }\\n}\",\"margin_remove_bottom\":true,\"maxwidth\":\"large\",\"title_element\":\"h2\",\"title_style\":\"h3\"}},{\"type\":\"headline\",\"props\":{\"block_align\":\"center\",\"content\":\"<mark><strong>pouvant accueillir jusqu\\u2019\\u00e0<\\\/strong><\\\/mark>\",\"css\":\"mark{\\n\\tpadding : 10px 20px 20px 20px;\\n     background-color : #161615;\\n}\\n\\n@media only screen and (max-width: 1024px) {\\n    .el-element{\\n        padding-top : 10px;\\n        font-size : 16px;\\n        text-align:center;\\n    }\\n}\",\"margin_remove_bottom\":false,\"margin_remove_top\":true,\"maxwidth\":\"large\",\"title_element\":\"div\",\"title_style\":\"h3\"}},{\"type\":\"headline\",\"props\":{\"block_align\":\"center\",\"content\":\"<mark><strong>20 personnes<\\\/strong><\\\/mark>\",\"css\":\"mark{\\n\\tpadding : 10px 20px 20px 20px;\\n     background-color : #161615;\\n}\\n\\n@media only screen and (max-width: 1024px) {\\n    .el-element{\\n        padding-top : 10px;\\n        font-size : 16px;\\n        text-align:center;\\n    }\\n}\",\"margin_remove_bottom\":false,\"margin_remove_top\":true,\"maxwidth\":\"large\",\"title_element\":\"div\",\"title_style\":\"h3\"}},{\"type\":\"divider\",\"props\":{\"block_align\":\"center\",\"css\":\".el-element{\\n\\tborder-top: 5px solid white;\\n}\",\"divider_element\":\"hr\",\"margin\":\"medium\",\"maxwidth\":\"large\"}},{\"type\":\"text\",\"props\":{\"block_align\":\"center\",\"column_breakpoint\":\"m\",\"content\":\"\n\n<p><span>Dot\\u00e9 d\\u2019un mat\\u00e9riel derni\\u00e8re g\\u00e9n\\u00e9ration (In\\u00e9dit en France, l\\u2019un des plus performants du Havre et de Normandie) et d\\u2019un espace 100% modulable, venez profiter en toute s\\u00e9curit\\u00e9 de notre laser game !\\u00a0<\\\/span><\\\/p>\\n\n\n<p><span>Sp\\u00e9cialement con\\u00e7u pour accueillir jusqu\\u2019\\u00e0 20 personnes en m\\u00eame temps, notre laser game s\\u2019adapte \\u00e0 tous les styles de joueurs <\\\/span>\\u00e0 partir de 7 ans.<\\\/p>\\n\n\n<p><\\\/p>\\n\n\n<p><span>Vous \\u00e9voluerez dans une salle de 300m2 au d\\u00e9cor futuriste d'une ancienne usine atomique lunaire o\\u00f9 r\\u00e8gne une ambiance lugubre et sombre.\\u00a0<\\\/span><\\\/p>\\n\n\n<p><span>Votre objectif : remporter le maximum de points en visant vos adversaires et vos cibles diss\\u00e9min\\u00e9es un peu partout dans le jeu !<\\\/span><\\\/p>\\n\n\n<p><span>Vous serez guid\\u00e9s par les inscriptions phosphorescentes sur les murs tandis qu\\u2019une musique \\u00e9lectro couvrira le bruit de vos d\\u00e9placements. Une fum\\u00e9e provenant d\\u2019un r\\u00e9acteur endommag\\u00e9 brouillera toutes vos pistes\\u2026\\u00a0<\\\/span><\\\/p>\\n\n\n<p><span>Bonne chance et \\u00e0 bient\\u00f4t !<\\\/span><\\\/p>\",\"css\":\"@media only screen and (max-width: 1024px) {\\n    .el-element{\\n        text-align : justify;\\n    }\\n}\",\"margin\":\"default\",\"maxwidth\":\"large\",\"text_color\":\"secondary\",\"text_style\":\"lead\"}}]},{\"type\":\"column\",\"props\":{\"image_position\":\"center-center\",\"image_size\":\"cover\",\"padding\":\"none\",\"position_sticky_breakpoint\":\"m\",\"vertical_align\":\"middle\",\"width_medium\":\"1-2\"},\"children\":[{\"type\":\"image\",\"props\":{\"height_expand\":true,\"image\":\"wp-content\\\/uploads\\\/sites\\\/4\\\/zoomlaser1.jpg\",\"image_alt\":\"Zoom Laser\",\"image_svg_color\":\"emphasis\",\"margin\":\"default\"}}]}]}],\"name\":\"Pr\\u00e9sentation service\"},{\"type\":\"section\",\"props\":{\"animation\":\"fade\",\"animation_delay\":\"100\",\"image\":\"wp-content\\\/uploads\\\/casey-horner-RmoWqDCqN2E-unsplash-scaled.jpg\",\"image_position\":\"center-center\",\"image_size\":\"cover\",\"media_overlay\":\"rgba(2, 2, 2, 0.64)\",\"status\":\"disabled\",\"style\":\"muted\",\"title_breakpoint\":\"xl\",\"title_position\":\"top-left\",\"title_rotation\":\"left\",\"vertical_align\":\"\",\"width\":\"default\"},\"children\":[{\"type\":\"row\",\"children\":[{\"type\":\"column\",\"props\":{\"image_position\":\"center-center\",\"position_sticky_breakpoint\":\"m\"},\"children\":[{\"type\":\"headline\",\"props\":{\"animation\":\"slide-right-small\",\"block_align\":\"center\",\"content\":\"<mark><strong>NOUVEAU :<br \\\/><\\\/strong><\\\/mark>\",\"css\":\"mark{\\n\\tpadding : 20px;\\n    background-color : #E42313;\\n}\\n\\n@media only screen and (max-width: 1024px) {\\n    .el-element{\\n    text-align: center;\\n        font-size : 16px;\\n    }\\n}\",\"margin_remove_bottom\":true,\"maxwidth\":\"large\",\"text_align\":\"center\",\"title_element\":\"div\",\"title_style\":\"h3\"}},{\"type\":\"headline\",\"props\":{\"animation\":\"slide-right-small\",\"block_align\":\"center\",\"content\":\"<mark><strong>Star Wars d\\u00e9barque dans votre Laser Game<\\\/strong><\\\/mark>\",\"css\":\"mark{\\n\\tpadding : 10px 20px 20px 20px;\\n     background-color : #E42313;\\n}\\n\\n@media only screen and (max-width: 1024px) {\\n    .el-element{\\n        padding-top : 10px;\\n        font-size : 16px;\\n        text-align:center;\\n    }\\n}\",\"margin_remove_bottom\":false,\"margin_remove_top\":true,\"text_align\":\"center\",\"title_element\":\"h2\",\"title_style\":\"h3\"}},{\"type\":\"text\",\"props\":{\"animation\":\"slide-right-small\",\"block_align\":\"center\",\"column_breakpoint\":\"m\",\"content\":\"\n\n<p><span>Attention danger : l\\u2019\\u00e9quipage des forces obscures de Dark Vador s\\u2019est mis en t\\u00eate de coloniser notre espace. Le r\\u00e9veil de la force n\\u2019est pas loin et dans notre galaxie lointaine, la lutte des chevaliers Jedi risque de vous prendre au corps : c\\u00e8derez-vous \\u00e0 la tentation du c\\u00f4t\\u00e9 obscur de la force ?<\\\/span><\\\/p>\",\"css\":\"@media only screen and (max-width: 1024px) {\\n    .el-element{\\n        text-align : justify;\\n    }\\n}\",\"margin\":\"large\",\"maxwidth\":\"xlarge\",\"text_color\":\"muted\",\"text_style\":\"lead\"}}]}]}]},{\"type\":\"section\",\"props\":{\"animation\":\"slide-left-medium\",\"css\":\".el-section{\\n\\nmargin-left : -41px;\\nmargin-right : -41px;\\n}\",\"height\":\"viewport\",\"height_viewport\":80,\"image_position\":\"center-center\",\"padding_remove_bottom\":true,\"padding_remove_top\":true,\"preserve_color\":false,\"style\":\"secondary\",\"title_breakpoint\":\"xl\",\"title_position\":\"top-left\",\"title_rotation\":\"left\",\"vertical_align\":\"middle\",\"width\":\"expand\"},\"children\":[{\"type\":\"row\",\"props\":{\"column_gap\":\"collapse\",\"height\":\"viewport\",\"height_viewport\":80,\"layout\":\"1-2,1-2\",\"margin\":\"remove-vertical\",\"row_gap\":\"collapse\"},\"children\":[{\"type\":\"column\",\"props\":{\"image\":\"wp-content\\\/uploads\\\/sites\\\/4\\\/robot1.jpg\",\"image_position\":\"top-center\",\"image_size\":\"cover\",\"media_overlay\":\"rgba(39, 74, 95, 0.19)\",\"position_sticky_breakpoint\":\"m\",\"preserve_color\":false,\"style\":\"tile-primary\",\"vertical_align\":\"middle\",\"width_medium\":\"1-2\"}},{\"type\":\"column\",\"props\":{\"css\":\"@media only screen and (max-width: 1024px) {\\n    .el-column{\\n\\t\\tpadding: 10%;\\n\\t}\\n\\n}\",\"image_position\":\"center-center\",\"image_size\":\"cover\",\"position_sticky_breakpoint\":\"m\",\"style\":\"tile-secondary\",\"vertical_align\":\"middle\",\"width_medium\":\"1-2\"},\"children\":[{\"type\":\"headline\",\"props\":{\"block_align\":\"center\",\"content\":\"<mark><strong>Les tarifs<br \\\/><\\\/strong><\\\/mark>\",\"css\":\"mark{\\n\\tpadding : 20px;\\n    background-color : #E42313;\\n}\\n\\n@media only screen and (max-width: 1024px) {\\n    .el-element{\\n    text-align: center;\\n        font-size : 16px;\\n    }\\n}\",\"margin_remove_bottom\":true,\"maxwidth\":\"large\",\"title_element\":\"h2\",\"title_style\":\"h3\"}},{\"type\":\"divider\",\"props\":{\"block_align\":\"center\",\"css\":\".el-element{\\n\\tborder-top: 5px solid white;\\n}\",\"divider_element\":\"hr\",\"margin\":\"medium\",\"maxwidth\":\"large\"}},{\"type\":\"text\",\"props\":{\"block_align\":\"center\",\"column_breakpoint\":\"m\",\"content\":\"\n\n<p><strong>1 partie de 20 min -\\u203a <\\\/strong>8\\u20ac<\\\/p>\\n\n\n<p><strong>2 parties de 20 min -\\u203a <\\\/strong>14\\u20ac<\\\/p>\\n\n\n<p><strong>1 partie de 30 min -\\u203a <\\\/strong>11\\u20ac<\\\/p>\",\"css\":\"@media only screen and (max-width: 1024px) {\\n    .el-element{\\n        text-align : justify;\\n    }\\n}\\n.el-element{\\n    font-size:20px;\\n}\",\"margin\":\"default\",\"maxwidth\":\"large\",\"text_color\":\"secondary\",\"text_style\":\"lead\"}}]}]}],\"name\":\"Nos clubs\"}],\"version\":\"4.5.24\"} --><\/p>\n","protected":false},"excerpt":{"rendered":"<p>Laser Game Une salle de 300m2 pouvant accueillir jusqu\u2019\u00e0 20 personnes Dot\u00e9 d\u2019un mat\u00e9riel derni\u00e8re g\u00e9n\u00e9ration (In\u00e9dit en France, l\u2019un des plus performants du Havre et de Normandie) et d\u2019un espace 100% modulable, venez profiter en toute s\u00e9curit\u00e9 de notre laser game !\u00a0 Sp\u00e9cialement con\u00e7u pour accueillir jusqu\u2019\u00e0 20 personnes en m\u00eame temps, notre laser [&hellip;]<\/p>\n","protected":false},"author":1,"featured_media":603,"parent":0,"menu_order":0,"comment_status":"closed","ping_status":"closed","template":"","meta":{"footnotes":""},"class_list":["post-48","page","type-page","status-publish","has-post-thumbnail","hentry"],"yoast_head":"<!-- This site is optimized with the Yoast SEO plugin v27.3 - https:\/\/yoast.com\/product\/yoast-seo-wordpress\/ -->\n<title>Laser Game - Le Looping Montivilliers<\/title>\n<meta name=\"description\" content=\"Dot\u00e9 d\u2019un mat\u00e9riel derni\u00e8re g\u00e9n\u00e9ration (In\u00e9dit en France, l\u2019un des plus performants du Havre et de Normandie) et d\u2019un espace 100% modulable.\" \/>\n<meta name=\"robots\" content=\"index, follow, max-snippet:-1, max-image-preview:large, max-video-preview:-1\" \/>\n<link rel=\"canonical\" href=\"https:\/\/www.lelooping.com\/montivilliers\/laser-game\/\" \/>\n<meta property=\"og:locale\" content=\"fr_FR\" \/>\n<meta property=\"og:type\" content=\"article\" \/>\n<meta property=\"og:title\" content=\"Laser Game - Le Looping Montivilliers\" \/>\n<meta property=\"og:description\" content=\"Dot\u00e9 d\u2019un mat\u00e9riel derni\u00e8re g\u00e9n\u00e9ration (In\u00e9dit en France, l\u2019un des plus performants du Havre et de Normandie) et d\u2019un espace 100% modulable.\" \/>\n<meta property=\"og:url\" content=\"https:\/\/www.lelooping.com\/montivilliers\/laser-game\/\" \/>\n<meta property=\"og:site_name\" content=\"Le Looping Montivilliers\" \/>\n<meta property=\"article:modified_time\" content=\"2025-07-23T14:44:17+00:00\" \/>\n<meta property=\"og:image\" content=\"https:\/\/www.lelooping.com\/montivilliers\/wp-content\/uploads\/sites\/4\/AdobeStock_387253417-scaled.jpeg\" \/>\n\t<meta property=\"og:image:width\" content=\"2560\" \/>\n\t<meta property=\"og:image:height\" content=\"1713\" \/>\n\t<meta property=\"og:image:type\" content=\"image\/jpeg\" \/>\n<meta name=\"twitter:card\" content=\"summary_large_image\" \/>\n<meta name=\"twitter:label1\" content=\"Dur\u00e9e de lecture estim\u00e9e\" \/>\n\t<meta name=\"twitter:data1\" content=\"2 minutes\" \/>\n<script type=\"application\/ld+json\" class=\"yoast-schema-graph\">{\"@context\":\"https:\\\/\\\/schema.org\",\"@graph\":[{\"@type\":\"WebPage\",\"@id\":\"https:\\\/\\\/www.lelooping.com\\\/montivilliers\\\/laser-game\\\/\",\"url\":\"https:\\\/\\\/www.lelooping.com\\\/montivilliers\\\/laser-game\\\/\",\"name\":\"Laser Game - Le Looping Montivilliers\",\"isPartOf\":{\"@id\":\"https:\\\/\\\/www.lelooping.com\\\/montivilliers\\\/#website\"},\"primaryImageOfPage\":{\"@id\":\"https:\\\/\\\/www.lelooping.com\\\/montivilliers\\\/laser-game\\\/#primaryimage\"},\"image\":{\"@id\":\"https:\\\/\\\/www.lelooping.com\\\/montivilliers\\\/laser-game\\\/#primaryimage\"},\"thumbnailUrl\":\"https:\\\/\\\/www.lelooping.com\\\/montivilliers\\\/wp-content\\\/uploads\\\/sites\\\/4\\\/AdobeStock_387253417-scaled.jpeg\",\"datePublished\":\"2022-07-29T12:51:52+00:00\",\"dateModified\":\"2025-07-23T14:44:17+00:00\",\"description\":\"Dot\u00e9 d\u2019un mat\u00e9riel derni\u00e8re g\u00e9n\u00e9ration (In\u00e9dit en France, l\u2019un des plus performants du Havre et de Normandie) et d\u2019un espace 100% modulable.\",\"breadcrumb\":{\"@id\":\"https:\\\/\\\/www.lelooping.com\\\/montivilliers\\\/laser-game\\\/#breadcrumb\"},\"inLanguage\":\"fr-FR\",\"potentialAction\":[{\"@type\":\"ReadAction\",\"target\":[\"https:\\\/\\\/www.lelooping.com\\\/montivilliers\\\/laser-game\\\/\"]}]},{\"@type\":\"ImageObject\",\"inLanguage\":\"fr-FR\",\"@id\":\"https:\\\/\\\/www.lelooping.com\\\/montivilliers\\\/laser-game\\\/#primaryimage\",\"url\":\"https:\\\/\\\/www.lelooping.com\\\/montivilliers\\\/wp-content\\\/uploads\\\/sites\\\/4\\\/AdobeStock_387253417-scaled.jpeg\",\"contentUrl\":\"https:\\\/\\\/www.lelooping.com\\\/montivilliers\\\/wp-content\\\/uploads\\\/sites\\\/4\\\/AdobeStock_387253417-scaled.jpeg\",\"width\":2560,\"height\":1713,\"caption\":\"laser game partie\"},{\"@type\":\"BreadcrumbList\",\"@id\":\"https:\\\/\\\/www.lelooping.com\\\/montivilliers\\\/laser-game\\\/#breadcrumb\",\"itemListElement\":[{\"@type\":\"ListItem\",\"position\":1,\"name\":\"Accueil\",\"item\":\"https:\\\/\\\/www.lelooping.com\\\/montivilliers\\\/\"},{\"@type\":\"ListItem\",\"position\":2,\"name\":\"Laser Game\"}]},{\"@type\":\"WebSite\",\"@id\":\"https:\\\/\\\/www.lelooping.com\\\/montivilliers\\\/#website\",\"url\":\"https:\\\/\\\/www.lelooping.com\\\/montivilliers\\\/\",\"name\":\"Le Looping Montivilliers\",\"description\":\"\",\"potentialAction\":[{\"@type\":\"SearchAction\",\"target\":{\"@type\":\"EntryPoint\",\"urlTemplate\":\"https:\\\/\\\/www.lelooping.com\\\/montivilliers\\\/?s={search_term_string}\"},\"query-input\":{\"@type\":\"PropertyValueSpecification\",\"valueRequired\":true,\"valueName\":\"search_term_string\"}}],\"inLanguage\":\"fr-FR\"}]}<\/script>\n<!-- \/ Yoast SEO plugin. -->","yoast_head_json":{"title":"Laser Game - Le Looping Montivilliers","description":"Dot\u00e9 d\u2019un mat\u00e9riel derni\u00e8re g\u00e9n\u00e9ration (In\u00e9dit en France, l\u2019un des plus performants du Havre et de Normandie) et d\u2019un espace 100% modulable.","robots":{"index":"index","follow":"follow","max-snippet":"max-snippet:-1","max-image-preview":"max-image-preview:large","max-video-preview":"max-video-preview:-1"},"canonical":"https:\/\/www.lelooping.com\/montivilliers\/laser-game\/","og_locale":"fr_FR","og_type":"article","og_title":"Laser Game - Le Looping Montivilliers","og_description":"Dot\u00e9 d\u2019un mat\u00e9riel derni\u00e8re g\u00e9n\u00e9ration (In\u00e9dit en France, l\u2019un des plus performants du Havre et de Normandie) et d\u2019un espace 100% modulable.","og_url":"https:\/\/www.lelooping.com\/montivilliers\/laser-game\/","og_site_name":"Le Looping Montivilliers","article_modified_time":"2025-07-23T14:44:17+00:00","og_image":[{"width":2560,"height":1713,"url":"https:\/\/www.lelooping.com\/montivilliers\/wp-content\/uploads\/sites\/4\/AdobeStock_387253417-scaled.jpeg","type":"image\/jpeg"}],"twitter_card":"summary_large_image","twitter_misc":{"Dur\u00e9e de lecture estim\u00e9e":"2 minutes"},"schema":{"@context":"https:\/\/schema.org","@graph":[{"@type":"WebPage","@id":"https:\/\/www.lelooping.com\/montivilliers\/laser-game\/","url":"https:\/\/www.lelooping.com\/montivilliers\/laser-game\/","name":"Laser Game - Le Looping Montivilliers","isPartOf":{"@id":"https:\/\/www.lelooping.com\/montivilliers\/#website"},"primaryImageOfPage":{"@id":"https:\/\/www.lelooping.com\/montivilliers\/laser-game\/#primaryimage"},"image":{"@id":"https:\/\/www.lelooping.com\/montivilliers\/laser-game\/#primaryimage"},"thumbnailUrl":"https:\/\/www.lelooping.com\/montivilliers\/wp-content\/uploads\/sites\/4\/AdobeStock_387253417-scaled.jpeg","datePublished":"2022-07-29T12:51:52+00:00","dateModified":"2025-07-23T14:44:17+00:00","description":"Dot\u00e9 d\u2019un mat\u00e9riel derni\u00e8re g\u00e9n\u00e9ration (In\u00e9dit en France, l\u2019un des plus performants du Havre et de Normandie) et d\u2019un espace 100% modulable.","breadcrumb":{"@id":"https:\/\/www.lelooping.com\/montivilliers\/laser-game\/#breadcrumb"},"inLanguage":"fr-FR","potentialAction":[{"@type":"ReadAction","target":["https:\/\/www.lelooping.com\/montivilliers\/laser-game\/"]}]},{"@type":"ImageObject","inLanguage":"fr-FR","@id":"https:\/\/www.lelooping.com\/montivilliers\/laser-game\/#primaryimage","url":"https:\/\/www.lelooping.com\/montivilliers\/wp-content\/uploads\/sites\/4\/AdobeStock_387253417-scaled.jpeg","contentUrl":"https:\/\/www.lelooping.com\/montivilliers\/wp-content\/uploads\/sites\/4\/AdobeStock_387253417-scaled.jpeg","width":2560,"height":1713,"caption":"laser game partie"},{"@type":"BreadcrumbList","@id":"https:\/\/www.lelooping.com\/montivilliers\/laser-game\/#breadcrumb","itemListElement":[{"@type":"ListItem","position":1,"name":"Accueil","item":"https:\/\/www.lelooping.com\/montivilliers\/"},{"@type":"ListItem","position":2,"name":"Laser Game"}]},{"@type":"WebSite","@id":"https:\/\/www.lelooping.com\/montivilliers\/#website","url":"https:\/\/www.lelooping.com\/montivilliers\/","name":"Le Looping Montivilliers","description":"","potentialAction":[{"@type":"SearchAction","target":{"@type":"EntryPoint","urlTemplate":"https:\/\/www.lelooping.com\/montivilliers\/?s={search_term_string}"},"query-input":{"@type":"PropertyValueSpecification","valueRequired":true,"valueName":"search_term_string"}}],"inLanguage":"fr-FR"}]}},"_links":{"self":[{"href":"https:\/\/www.lelooping.com\/montivilliers\/wp-json\/wp\/v2\/pages\/48","targetHints":{"allow":["GET"]}}],"collection":[{"href":"https:\/\/www.lelooping.com\/montivilliers\/wp-json\/wp\/v2\/pages"}],"about":[{"href":"https:\/\/www.lelooping.com\/montivilliers\/wp-json\/wp\/v2\/types\/page"}],"author":[{"embeddable":true,"href":"https:\/\/www.lelooping.com\/montivilliers\/wp-json\/wp\/v2\/users\/1"}],"replies":[{"embeddable":true,"href":"https:\/\/www.lelooping.com\/montivilliers\/wp-json\/wp\/v2\/comments?post=48"}],"version-history":[{"count":39,"href":"https:\/\/www.lelooping.com\/montivilliers\/wp-json\/wp\/v2\/pages\/48\/revisions"}],"predecessor-version":[{"id":1903,"href":"https:\/\/www.lelooping.com\/montivilliers\/wp-json\/wp\/v2\/pages\/48\/revisions\/1903"}],"wp:featuredmedia":[{"embeddable":true,"href":"https:\/\/www.lelooping.com\/montivilliers\/wp-json\/wp\/v2\/media\/603"}],"wp:attachment":[{"href":"https:\/\/www.lelooping.com\/montivilliers\/wp-json\/wp\/v2\/media?parent=48"}],"curies":[{"name":"wp","href":"https:\/\/api.w.org\/{rel}","templated":true}]}}