{"id":23,"date":"2024-08-22T09:05:00","date_gmt":"2024-08-22T07:05:00","guid":{"rendered":"https:\/\/lelooping.sites.dev-dbcom.fr\/le-havre\/?page_id=23"},"modified":"2025-11-19T16:19:20","modified_gmt":"2025-11-19T15:19:20","slug":"jeux","status":"publish","type":"page","link":"https:\/\/www.lelooping.com\/le-havre\/jeux\/","title":{"rendered":"Jeux"},"content":{"rendered":"<div>\n<p>    <img decoding=\"async\" src=\"\/le-havre\/wp-content\/uploads\/sites\/2\/2024\/11\/011-scaled.jpg\" alt=\"\"><\/p>\n<h3>banniere jeux<\/h3>\n<\/div>\n<p><img decoding=\"async\" src=\"\/le-havre\/wp-content\/uploads\/sites\/2\/2024\/09\/Composant-14-%E2%80%93-1.svg\" alt=\"\"><br \/>\n<img decoding=\"async\" src=\"\/le-havre\/wp-content\/uploads\/sites\/2\/2024\/09\/Composant-13-%E2%80%93-1.svg\" alt=\"\"><\/p>\n<div>\n<p style=\"text-align: center;\"><strong><span class=\"uk-display-block\">Au Looping Le Havre, quand il n\u2019y en a plus, il y en a encore !<\/span> <span class=\"uk-display-block\">Ajoutez encore plus de fun \u00e0 votre journ\u00e9e avec nos jeux d\u2019arcade :<\/span> jeux de table, de basket, de palets, de boxe, jeux vid\u00e9o, billards, shuffle board\u2026<\/strong><\/p>\n<\/div>\n<div>\n<p style=\"text-align: center;\">Votre espace de loisirs indoor vous propose une vingtaine de jeux, des plus classiques aux plus modernes pour vous divertir, d\u00e9fier vos proches et battre vos records.<\/p>\n<p style=\"text-align: center;\">Aff\u00fbtez votre technique au billard anglais, devenez le king du ring, soyez le plus rapide \u00e0 \u00ab Catch the light \u00bb, plongez dans le monde fantastique de \u00ab Jurassic Park \u00bb\u2026 Pour les amateurs de vitesse, transformez-vous en pilote automobile \u00ab Fast &amp; Furious \u00bb, procurez-vous des sensations fortes sur la moto tout-terrain de \u00ab Parkour motor 2 \u00bb\u2026<\/p>\n<p style=\"text-align: center;\">Les jeux et leur grande vari\u00e9t\u00e9 ne manquent pas pour vous d\u00e9fouler et lib\u00e9rer votre \u00e2me de comp\u00e9titeur. Il y en a pour tous les go\u00fbts et pour tous les \u00e2ges !<\/p>\n<\/div>\n<ul>\n<li>\n<p>        <img decoding=\"async\" src=\"\/le-havre\/wp-content\/uploads\/sites\/2\/2024\/10\/013-scaled.jpg\" alt=\"\"><\/p>\n<h3>013<\/h3>\n<\/li>\n<li>\n<p>        <img decoding=\"async\" src=\"\/le-havre\/wp-content\/uploads\/sites\/2\/2024\/10\/014-scaled.jpg\" alt=\"\"><\/p>\n<h3>014<\/h3>\n<\/li>\n<li>\n<p>        <img decoding=\"async\" src=\"\/le-havre\/wp-content\/uploads\/sites\/2\/2024\/10\/015-scaled.jpg\" alt=\"\"><\/p>\n<h3>015<\/h3>\n<\/li>\n<li>\n<p>        <img decoding=\"async\" src=\"\/le-havre\/wp-content\/uploads\/sites\/2\/2024\/10\/016-scaled.jpg\" alt=\"\"><\/p>\n<h3>016<\/h3>\n<\/li>\n<\/ul>\n<p><!--more--><br \/>\n<!-- {\"type\":\"layout\",\"children\":[{\"type\":\"section\",\"props\":{\"class\":\"uk-position-relative\",\"image_position\":\"center-center\",\"padding\":\"none\",\"padding_remove_top\":true,\"style\":\"default\",\"title_breakpoint\":\"xl\",\"title_position\":\"top-left\",\"title_rotation\":\"left\",\"vertical_align\":\"middle\",\"width\":\"\"},\"children\":[{\"type\":\"row\",\"children\":[{\"type\":\"column\",\"props\":{\"image_position\":\"center-center\",\"position_sticky_breakpoint\":\"m\"},\"children\":[{\"type\":\"slideshow\",\"props\":{\"link_style\":\"default\",\"link_text\":\"Read more\",\"margin\":\"remove-vertical\",\"meta_align\":\"below-title\",\"meta_element\":\"div\",\"meta_style\":\"text-meta\",\"nav\":\"dotnav\",\"nav_align\":\"center\",\"nav_breakpoint\":\"s\",\"nav_position\":\"bottom-center\",\"nav_position_margin\":\"medium\",\"overlay_animation\":\"parallax\",\"overlay_position\":\"center-left\",\"show_content\":true,\"show_link\":false,\"show_meta\":false,\"show_thumbnail\":false,\"show_title\":false,\"slidenav\":\"default\",\"slidenav_breakpoint\":\"s\",\"slidenav_margin\":\"medium\",\"slidenav_outside_breakpoint\":\"xl\",\"slideshow_autoplay_pause\":true,\"slideshow_height\":\"viewport\",\"slideshow_height_offset_top\":true,\"slideshow_min_height\":300,\"thumbnav_height\":\"75\",\"thumbnav_svg_color\":\"emphasis\",\"thumbnav_width\":\"100\",\"title_element\":\"h3\",\"title_hover_style\":\"reset\"},\"children\":[{\"type\":\"slideshow_item\",\"props\":{\"image\":\"wp-content\\\/uploads\\\/sites\\\/2\\\/2024\\\/11\\\/011-scaled.jpg\",\"title\":\"banniere jeux\"}}]}]}]}]},{\"type\":\"section\",\"props\":{\"animation\":\"slide-bottom-medium\",\"animation_delay\":\"100\",\"class\":\"uk-position-relative\",\"image_position\":\"center-center\",\"style\":\"primary\",\"title_breakpoint\":\"xl\",\"title_position\":\"top-left\",\"title_rotation\":\"left\",\"vertical_align\":\"middle\",\"width\":\"default\"},\"children\":[{\"type\":\"row\",\"children\":[{\"type\":\"column\",\"props\":{\"image_position\":\"center-center\",\"position_sticky_breakpoint\":\"m\"},\"children\":[{\"type\":\"image\",\"props\":{\"css\":\".el-element{\\n\\tposition: absolute;\\n    top: 15%;\\n    left: 10%;\\n}\",\"image\":\"wp-content\\\/uploads\\\/sites\\\/2\\\/2024\\\/09\\\/Composant-14-\\u2013-1.svg\",\"image_svg_color\":\"emphasis\",\"margin\":\"default\",\"visibility\":\"m\"}},{\"type\":\"image\",\"props\":{\"css\":\".el-element{\\n\\tposition: absolute;\\n    top: 15%;\\n    right: 10%;\\n}\\n\\n@media screen and (min-width: 1600px) {\\n\\t.el-element{\\n        position: absolute;\\n        top: 20%;\\n        right: 10%;\\n\\t}\\n}\",\"image\":\"wp-content\\\/uploads\\\/sites\\\/2\\\/2024\\\/09\\\/Composant-13-\\u2013-1.svg\",\"image_svg_color\":\"emphasis\",\"margin\":\"default\",\"visibility\":\"m\"}},{\"type\":\"text\",\"props\":{\"column_breakpoint\":\"m\",\"content\":\"\n\n<p style=\\\"text-align: center;\\\"><strong><span class=\\\"uk-display-block\\\">Au Looping Le Havre, quand il n\\u2019y en a plus, il y en a encore !<\\\/span> <span class=\\\"uk-display-block\\\">Ajoutez encore plus de fun \\u00e0 votre journ\\u00e9e avec nos jeux d\\u2019arcade :<\\\/span> jeux de table, de basket, de palets, de boxe, jeux vid\\u00e9o, billards, shuffle board\\u2026<\\\/strong><\\\/p>\",\"margin\":\"default\",\"margin_remove_top\":false,\"text_color\":\"emphasis\"}}]}]},{\"type\":\"row\",\"children\":[{\"type\":\"column\",\"props\":{\"image_position\":\"center-center\",\"position_sticky_breakpoint\":\"m\"},\"children\":[{\"type\":\"text\",\"props\":{\"column_breakpoint\":\"m\",\"content\":\"\n\n<p style=\\\"text-align: center;\\\">Votre espace de loisirs indoor vous propose une vingtaine de jeux, des plus classiques aux plus modernes pour vous divertir, d\\u00e9fier vos proches et battre vos records.<\\\/p>\\n\n\n<p style=\\\"text-align: center;\\\">Aff\\u00fbtez votre technique au billard anglais, devenez le king du ring, soyez le plus rapide \\u00e0 \\u00ab Catch the light \\u00bb, plongez dans le monde fantastique de \\u00ab Jurassic Park \\u00bb\\u2026 Pour les amateurs de vitesse, transformez-vous en pilote automobile \\u00ab Fast &amp; Furious \\u00bb, procurez-vous des sensations fortes sur la moto tout-terrain de \\u00ab Parkour motor 2 \\u00bb\\u2026<\\\/p>\\n\n\n<p style=\\\"text-align: center;\\\">Les jeux et leur grande vari\\u00e9t\\u00e9 ne manquent pas pour vous d\\u00e9fouler et lib\\u00e9rer votre \\u00e2me de comp\\u00e9titeur. Il y en a pour tous les go\\u00fbts et pour tous les \\u00e2ges !<\\\/p>\",\"margin\":\"default\",\"text_color\":\"emphasis\",\"text_style\":\"small\"}}]}]},{\"type\":\"row\",\"children\":[{\"type\":\"column\",\"props\":{\"image_position\":\"center-center\",\"position_sticky_breakpoint\":\"m\",\"vertical_align\":\"middle\",\"width_medium\":\"1-2\"}},{\"type\":\"column\",\"props\":{\"image_position\":\"center-center\",\"position_sticky_breakpoint\":\"m\",\"width_medium\":\"1-2\"}}],\"props\":{\"layout\":\"1-2,1-2\"}}]},{\"type\":\"section\",\"props\":{\"animation\":\"slide-bottom-medium\",\"animation_delay\":\"100\",\"class\":\"uk-position-relative\",\"image_position\":\"center-center\",\"style\":\"primary\",\"title_breakpoint\":\"xl\",\"title_position\":\"top-left\",\"title_rotation\":\"left\",\"vertical_align\":\"middle\",\"width\":\"xlarge\"},\"children\":[{\"type\":\"row\",\"children\":[{\"type\":\"column\",\"props\":{\"image_position\":\"center-center\",\"position_sticky_breakpoint\":\"m\"},\"children\":[{\"type\":\"grid\",\"props\":{\"content_column_breakpoint\":\"m\",\"filter_align\":\"left\",\"filter_all\":true,\"filter_grid_breakpoint\":\"m\",\"filter_grid_width\":\"auto\",\"filter_position\":\"top\",\"filter_style\":\"tab\",\"grid_column_align\":false,\"grid_column_gap\":\"small\",\"grid_default\":\"1\",\"grid_medium\":\"4\",\"grid_row_align\":false,\"icon_width\":80,\"image_align\":\"top\",\"image_grid_breakpoint\":\"m\",\"image_grid_width\":\"1-2\",\"image_height\":\"400\",\"image_svg_color\":\"emphasis\",\"image_width\":\"400\",\"item_animation\":true,\"lightbox_bg_close\":true,\"link_style\":\"default\",\"link_text\":\"Read more\",\"margin\":\"default\",\"meta_align\":\"below-title\",\"meta_element\":\"div\",\"meta_style\":\"text-meta\",\"show_content\":false,\"show_hover_image\":true,\"show_hover_video\":true,\"show_image\":true,\"show_link\":false,\"show_meta\":false,\"show_title\":false,\"show_video\":true,\"title_align\":\"top\",\"title_element\":\"h3\",\"title_grid_breakpoint\":\"m\",\"title_grid_width\":\"1-2\",\"title_hover_style\":\"reset\"},\"children\":[{\"type\":\"grid_item\",\"props\":{\"image\":\"wp-content\\\/uploads\\\/sites\\\/2\\\/2024\\\/10\\\/013-scaled.jpg\",\"title\":\"013\"}},{\"type\":\"grid_item\",\"props\":{\"image\":\"wp-content\\\/uploads\\\/sites\\\/2\\\/2024\\\/10\\\/014-scaled.jpg\",\"title\":\"014\"}},{\"type\":\"grid_item\",\"props\":{\"image\":\"wp-content\\\/uploads\\\/sites\\\/2\\\/2024\\\/10\\\/015-scaled.jpg\",\"title\":\"015\"}},{\"type\":\"grid_item\",\"props\":{\"image\":\"wp-content\\\/uploads\\\/sites\\\/2\\\/2024\\\/10\\\/016-scaled.jpg\",\"title\":\"016\"}}]}]}]}],\"name\":\"Photos\"}],\"version\":\"4.5.29\",\"yooessentialsVersion\":\"2.4.7\"} --><\/p>\n","protected":false},"excerpt":{"rendered":"<p>banniere jeux Au Looping Le Havre, quand il n\u2019y en a plus, il y en a encore ! Ajoutez encore plus de fun \u00e0 votre journ\u00e9e avec nos jeux d\u2019arcade : jeux de table, de basket, de palets, de boxe, jeux vid\u00e9o, billards, shuffle board\u2026 Votre espace de loisirs indoor vous propose une vingtaine de [&hellip;]<\/p>\n","protected":false},"author":1,"featured_media":0,"parent":0,"menu_order":0,"comment_status":"closed","ping_status":"closed","template":"","meta":{"footnotes":""},"class_list":["post-23","page","type-page","status-publish","hentry"],"yoast_head":"<!-- This site is optimized with the Yoast SEO plugin v27.5 - https:\/\/yoast.com\/product\/yoast-seo-wordpress\/ -->\n<title>Jeux - Le Looping Le Havre<\/title>\n<meta name=\"description\" content=\"D\u00e9couvrez les nombreux jeux disponibles au Looping Le Havre.\" \/>\n<meta name=\"robots\" content=\"index, follow, max-snippet:-1, max-image-preview:large, max-video-preview:-1\" \/>\n<link rel=\"canonical\" href=\"https:\/\/www.lelooping.com\/le-havre\/jeux\/\" \/>\n<meta property=\"og:locale\" content=\"fr_FR\" \/>\n<meta property=\"og:type\" content=\"article\" \/>\n<meta property=\"og:title\" content=\"Jeux - Le Looping Le Havre\" \/>\n<meta property=\"og:description\" content=\"D\u00e9couvrez les nombreux jeux disponibles au Looping Le Havre.\" \/>\n<meta property=\"og:url\" content=\"https:\/\/www.lelooping.com\/le-havre\/jeux\/\" \/>\n<meta property=\"og:site_name\" content=\"Le Looping Le Havre\" \/>\n<meta property=\"article:modified_time\" content=\"2025-11-19T15:19:20+00:00\" \/>\n<meta name=\"twitter:card\" content=\"summary_large_image\" \/>\n<meta name=\"twitter:label1\" content=\"Dur\u00e9e de lecture estim\u00e9e\" \/>\n\t<meta name=\"twitter:data1\" content=\"4 minutes\" \/>\n<script type=\"application\/ld+json\" class=\"yoast-schema-graph\">{\"@context\":\"https:\\\/\\\/schema.org\",\"@graph\":[{\"@type\":\"WebPage\",\"@id\":\"https:\\\/\\\/www.lelooping.com\\\/le-havre\\\/jeux\\\/\",\"url\":\"https:\\\/\\\/www.lelooping.com\\\/le-havre\\\/jeux\\\/\",\"name\":\"Jeux - Le Looping Le Havre\",\"isPartOf\":{\"@id\":\"https:\\\/\\\/www.lelooping.com\\\/le-havre\\\/#website\"},\"datePublished\":\"2024-08-22T07:05:00+00:00\",\"dateModified\":\"2025-11-19T15:19:20+00:00\",\"description\":\"D\u00e9couvrez les nombreux jeux disponibles au Looping Le Havre.\",\"breadcrumb\":{\"@id\":\"https:\\\/\\\/www.lelooping.com\\\/le-havre\\\/jeux\\\/#breadcrumb\"},\"inLanguage\":\"fr-FR\",\"potentialAction\":[{\"@type\":\"ReadAction\",\"target\":[\"https:\\\/\\\/www.lelooping.com\\\/le-havre\\\/jeux\\\/\"]}]},{\"@type\":\"BreadcrumbList\",\"@id\":\"https:\\\/\\\/www.lelooping.com\\\/le-havre\\\/jeux\\\/#breadcrumb\",\"itemListElement\":[{\"@type\":\"ListItem\",\"position\":1,\"name\":\"Accueil\",\"item\":\"https:\\\/\\\/www.lelooping.com\\\/le-havre\\\/\"},{\"@type\":\"ListItem\",\"position\":2,\"name\":\"Jeux\"}]},{\"@type\":\"WebSite\",\"@id\":\"https:\\\/\\\/www.lelooping.com\\\/le-havre\\\/#website\",\"url\":\"https:\\\/\\\/www.lelooping.com\\\/le-havre\\\/\",\"name\":\"Le Looping Le Havre\",\"description\":\"\",\"potentialAction\":[{\"@type\":\"SearchAction\",\"target\":{\"@type\":\"EntryPoint\",\"urlTemplate\":\"https:\\\/\\\/www.lelooping.com\\\/le-havre\\\/?s={search_term_string}\"},\"query-input\":{\"@type\":\"PropertyValueSpecification\",\"valueRequired\":true,\"valueName\":\"search_term_string\"}}],\"inLanguage\":\"fr-FR\"}]}<\/script>\n<!-- \/ Yoast SEO plugin. -->","yoast_head_json":{"title":"Jeux - Le Looping Le Havre","description":"D\u00e9couvrez les nombreux jeux disponibles au Looping Le Havre.","robots":{"index":"index","follow":"follow","max-snippet":"max-snippet:-1","max-image-preview":"max-image-preview:large","max-video-preview":"max-video-preview:-1"},"canonical":"https:\/\/www.lelooping.com\/le-havre\/jeux\/","og_locale":"fr_FR","og_type":"article","og_title":"Jeux - Le Looping Le Havre","og_description":"D\u00e9couvrez les nombreux jeux disponibles au Looping Le Havre.","og_url":"https:\/\/www.lelooping.com\/le-havre\/jeux\/","og_site_name":"Le Looping Le Havre","article_modified_time":"2025-11-19T15:19:20+00:00","twitter_card":"summary_large_image","twitter_misc":{"Dur\u00e9e de lecture estim\u00e9e":"4 minutes"},"schema":{"@context":"https:\/\/schema.org","@graph":[{"@type":"WebPage","@id":"https:\/\/www.lelooping.com\/le-havre\/jeux\/","url":"https:\/\/www.lelooping.com\/le-havre\/jeux\/","name":"Jeux - Le Looping Le Havre","isPartOf":{"@id":"https:\/\/www.lelooping.com\/le-havre\/#website"},"datePublished":"2024-08-22T07:05:00+00:00","dateModified":"2025-11-19T15:19:20+00:00","description":"D\u00e9couvrez les nombreux jeux disponibles au Looping Le Havre.","breadcrumb":{"@id":"https:\/\/www.lelooping.com\/le-havre\/jeux\/#breadcrumb"},"inLanguage":"fr-FR","potentialAction":[{"@type":"ReadAction","target":["https:\/\/www.lelooping.com\/le-havre\/jeux\/"]}]},{"@type":"BreadcrumbList","@id":"https:\/\/www.lelooping.com\/le-havre\/jeux\/#breadcrumb","itemListElement":[{"@type":"ListItem","position":1,"name":"Accueil","item":"https:\/\/www.lelooping.com\/le-havre\/"},{"@type":"ListItem","position":2,"name":"Jeux"}]},{"@type":"WebSite","@id":"https:\/\/www.lelooping.com\/le-havre\/#website","url":"https:\/\/www.lelooping.com\/le-havre\/","name":"Le Looping Le Havre","description":"","potentialAction":[{"@type":"SearchAction","target":{"@type":"EntryPoint","urlTemplate":"https:\/\/www.lelooping.com\/le-havre\/?s={search_term_string}"},"query-input":{"@type":"PropertyValueSpecification","valueRequired":true,"valueName":"search_term_string"}}],"inLanguage":"fr-FR"}]}},"_links":{"self":[{"href":"https:\/\/www.lelooping.com\/le-havre\/wp-json\/wp\/v2\/pages\/23","targetHints":{"allow":["GET"]}}],"collection":[{"href":"https:\/\/www.lelooping.com\/le-havre\/wp-json\/wp\/v2\/pages"}],"about":[{"href":"https:\/\/www.lelooping.com\/le-havre\/wp-json\/wp\/v2\/types\/page"}],"author":[{"embeddable":true,"href":"https:\/\/www.lelooping.com\/le-havre\/wp-json\/wp\/v2\/users\/1"}],"replies":[{"embeddable":true,"href":"https:\/\/www.lelooping.com\/le-havre\/wp-json\/wp\/v2\/comments?post=23"}],"version-history":[{"count":81,"href":"https:\/\/www.lelooping.com\/le-havre\/wp-json\/wp\/v2\/pages\/23\/revisions"}],"predecessor-version":[{"id":1968,"href":"https:\/\/www.lelooping.com\/le-havre\/wp-json\/wp\/v2\/pages\/23\/revisions\/1968"}],"wp:attachment":[{"href":"https:\/\/www.lelooping.com\/le-havre\/wp-json\/wp\/v2\/media?parent=23"}],"curies":[{"name":"wp","href":"https:\/\/api.w.org\/{rel}","templated":true}]}}