{"id":28,"date":"2025-01-27T15:50:14","date_gmt":"2025-01-27T14:50:14","guid":{"rendered":"https:\/\/www.lelooping.com\/dreux\/?page_id=28"},"modified":"2025-02-07T11:13:31","modified_gmt":"2025-02-07T10:13:31","slug":"evenements","status":"publish","type":"page","link":"https:\/\/www.lelooping.com\/dreux\/evenements\/","title":{"rendered":"\u00c9v\u00e8nements"},"content":{"rendered":"<div>\n<p>    <img decoding=\"async\" src=\"\/dreux\/wp-content\/uploads\/sites\/2\/2024\/10\/banner-events-1-scaled.jpeg\" alt=\"\"><\/p>\n<h3>banniere \u00e9v\u00e9nements<\/h3>\n<\/div>\n<p><img decoding=\"async\" src=\"\/dreux\/wp-content\/uploads\/sites\/2\/2024\/09\/Composant-13-%E2%80%93-1.svg\" alt=\"\"><br \/>\n<img decoding=\"async\" src=\"\/dreux\/wp-content\/uploads\/sites\/2\/2024\/09\/Composant-14-%E2%80%93-1.svg\" alt=\"\"><\/p>\n<div>\n<p>Le Looping Dreux, c\u2019est l\u2019endroit parfait pour vos \u00e9v\u00e9nements priv\u00e9s ou pros !<br \/>Activit\u00e9s et jeux, bar snack, salle de s\u00e9minaire, on s\u2019adapte \u00e0 toutes vos envies pour faire de votre \u00e9v\u00e9nement un moment \u00e0 votre image !<\/p>\n<\/div>\n<p><img decoding=\"async\" src=\"\/dreux\/wp-content\/uploads\/sites\/2\/2024\/09\/Illus_Le-Looping_SITE-06.svg\" alt=\"\"><br \/>\n<img decoding=\"async\" src=\"\/dreux\/wp-content\/uploads\/sites\/2\/2024\/08\/AdobeStock_602717788.png\" alt=\"\"><\/p>\n<h2>Entreprises<\/h2>\n<div>\n<p><span>Le Looping Dreux est l\u2019endroit parfait pour vos \u00e9v\u00e9nements d\u2019entreprise alliant travail et d\u00e9tente. Profitez de notre salle de s\u00e9minaire \u00e9quip\u00e9e et d\u2019activit\u00e9s ludiques pour renforcer l\u2019esprit d\u2019\u00e9quipe. Privatisez notre espace (jusqu\u2019\u00e0 400 personnes) avec ou sans repas, et laissez-nous vous accompagner dans la cr\u00e9ation d&rsquo;un \u00e9v\u00e9nement sur-mesure !<\/span><\/p>\n<\/div>\n<p>\n    <a href=\"\/dreux\/contact\/\">Nous contacter<\/a>\n<\/p>\n<p><img decoding=\"async\" src=\"\/dreux\/wp-content\/uploads\/sites\/2\/2024\/09\/Illus_Le-Looping_SITE-05.svg\" alt=\"\"><\/p>\n<h2>Groupes\/particuliers<\/h2>\n<div>\n<p data-pm-slice=\"1 1 []\">Le Looping Dreux vous accompagne dans les moments marquants de votre vie ou de celle de vos proches : anniversaires adultes, EVG, EVJF&#8230;<\/p>\n<p>Au Looping, nous sommes heureux de participer \u00e0 faire de ce jour sp\u00e9cial un moment inoubliable !<\/p>\n<\/div>\n<p>\n    <a href=\"\/dreux\/wp-content\/uploads\/sites\/5\/2025\/01\/A5_Flyer-EVG-EVJF_Le-Looping_DREUX_WEB_page-0001.jpg\">En savoir plus<\/a>\n<\/p>\n<p><img decoding=\"async\" src=\"\/dreux\/wp-content\/uploads\/sites\/2\/2024\/08\/AdobeStock_602717788.png\" alt=\"\"><br \/>\n<img decoding=\"async\" src=\"\/dreux\/wp-content\/uploads\/sites\/5\/2025\/01\/Titre-Formules-02-02-4c21bc.svg\" alt=\"\"><\/p>\n<div>\n<p><span>Il n\u2019y a pas d\u2019\u00e2ge pour s\u2019amuser, encore moins quand c\u2019est son anniversaire !<\/span><\/p>\n<p><span>Au Looping Dreux, nous sommes heureux de participer \u00e0 faire de ce jour sp\u00e9cial un moment inoubliable.<\/span><\/p>\n<\/div>\n<p>\n    <a href=\"\/dreux\/wp-content\/uploads\/sites\/5\/2025\/01\/A5_Flyer-Anniversaire_Le-Looping_DREUX_WEB_page-0001.jpg\">D\u00e9couvrez nos formules !<\/a>\n<\/p>\n<div><span>R\u00e9servation sur place uniquement, un acompte de 30\u20ac vous sera demand\u00e9.<\/span><\/div>\n<p><img decoding=\"async\" src=\"\/dreux\/wp-content\/uploads\/sites\/2\/2024\/10\/018-1-scaled.jpg\" alt=\"\"><br \/>\n<img decoding=\"async\" src=\"\/dreux\/wp-content\/uploads\/sites\/2\/2024\/09\/Illus_Le-Looping_SITE-09.svg\" alt=\"\"><\/p>\n<p><!--more--><br \/>\n<!-- {\"type\":\"layout\",\"children\":[{\"type\":\"section\",\"props\":{\"class\":\"uk-position-relative\",\"image_position\":\"center-center\",\"padding\":\"none\",\"style\":\"default\",\"title_breakpoint\":\"xl\",\"title_position\":\"top-left\",\"title_rotation\":\"left\",\"vertical_align\":\"middle\",\"width\":\"\"},\"children\":[{\"type\":\"row\",\"children\":[{\"type\":\"column\",\"props\":{\"image_position\":\"center-center\",\"position_sticky_breakpoint\":\"m\"},\"children\":[{\"type\":\"slideshow\",\"props\":{\"link_style\":\"default\",\"link_text\":\"Read more\",\"margin\":\"remove-vertical\",\"meta_align\":\"below-title\",\"meta_element\":\"div\",\"meta_style\":\"text-meta\",\"nav\":\"dotnav\",\"nav_align\":\"center\",\"nav_breakpoint\":\"s\",\"nav_position\":\"bottom-center\",\"nav_position_margin\":\"medium\",\"overlay_animation\":\"parallax\",\"overlay_position\":\"center-left\",\"show_content\":true,\"show_link\":false,\"show_meta\":false,\"show_thumbnail\":true,\"show_title\":false,\"slidenav\":\"default\",\"slidenav_breakpoint\":\"s\",\"slidenav_margin\":\"medium\",\"slidenav_outside_breakpoint\":\"xl\",\"slideshow_autoplay_pause\":true,\"slideshow_height\":\"viewport\",\"slideshow_height_offset_top\":true,\"slideshow_min_height\":300,\"thumbnav_height\":\"75\",\"thumbnav_svg_color\":\"emphasis\",\"thumbnav_width\":\"100\",\"title_element\":\"h3\"},\"children\":[{\"type\":\"slideshow_item\",\"props\":{\"image\":\"wp-content\\\/uploads\\\/sites\\\/2\\\/2024\\\/10\\\/banner-events-1-scaled.jpeg\",\"title\":\"banniere \\u00e9v\\u00e9nements\"}}]}]}]}]},{\"type\":\"section\",\"props\":{\"animation\":\"slide-bottom-medium\",\"animation_delay\":\"200\",\"class\":\"uk-position-relative\",\"image_position\":\"center-center\",\"padding_remove_bottom\":true,\"style\":\"primary\",\"title_breakpoint\":\"xl\",\"title_position\":\"top-left\",\"title_rotation\":\"left\",\"vertical_align\":\"middle\",\"width\":\"default\"},\"children\":[{\"type\":\"row\",\"children\":[{\"type\":\"column\",\"props\":{\"image_position\":\"center-center\",\"position_sticky_breakpoint\":\"m\"},\"children\":[{\"type\":\"image\",\"props\":{\"css\":\".el-element{\\n\\tposition: absolute;\\n    top: 50%;\\n    right: 10%;\\n}\\n\\n@media screen and (min-width: 1600px) {\\n\\t.el-element{\\n        position: absolute;\\n        top: 40%;\\n        right: 15%;\\n\\t}\\n}\",\"image\":\"wp-content\\\/uploads\\\/sites\\\/2\\\/2024\\\/09\\\/Composant-13-\\u2013-1.svg\",\"image_svg_color\":\"emphasis\",\"margin\":\"default\",\"visibility\":\"m\"}},{\"type\":\"image\",\"props\":{\"css\":\".el-element{\\n\\tposition: absolute;\\n    top: 50%;\\n    left: 10%;\\n}\\n\\n@media screen and (min-width: 1600px) {\\n\\t.el-element{\\n        position: absolute;\\n        top: 70%;\\n        left: 15%;\\n\\t}\\n}\",\"image\":\"wp-content\\\/uploads\\\/sites\\\/2\\\/2024\\\/09\\\/Composant-14-\\u2013-1.svg\",\"image_svg_color\":\"emphasis\",\"margin\":\"default\",\"visibility\":\"m\"}}]}]}]},{\"type\":\"section\",\"props\":{\"animation\":\"slide-bottom-medium\",\"animation_delay\":\"100\",\"image_position\":\"center-center\",\"style\":\"primary\",\"title_breakpoint\":\"xl\",\"title_position\":\"top-left\",\"title_rotation\":\"left\",\"vertical_align\":\"middle\",\"width\":\"default\"},\"children\":[{\"type\":\"row\",\"children\":[{\"type\":\"column\",\"props\":{\"image_position\":\"center-center\",\"position_sticky_breakpoint\":\"m\"},\"children\":[{\"type\":\"text\",\"props\":{\"block_align\":\"center\",\"column_breakpoint\":\"m\",\"content\":\"\n\n<p>Le Looping Dreux, c\\u2019est l\\u2019endroit parfait pour vos \\u00e9v\\u00e9nements priv\\u00e9s ou pros !<br \\\/>Activit\\u00e9s et jeux, bar snack, salle de s\\u00e9minaire, on s\\u2019adapte \\u00e0 toutes vos envies pour faire de votre \\u00e9v\\u00e9nement un moment \\u00e0 votre image !<\\\/p>\",\"css\":\"@media screen and (max-width: 600px) {\\n    .el-element{\\n    \\tfont-size: 20px;\\n    }\\n}\",\"margin\":\"default\",\"margin_remove_bottom\":true,\"margin_remove_top\":true,\"text_align\":\"center\",\"text_color\":\"emphasis\"}}]}]}]},{\"type\":\"section\",\"props\":{\"animation\":\"slide-bottom-medium\",\"animation_delay\":\"100\",\"class\":\"uk-position-relative\",\"id\":\"entreprise\",\"image_position\":\"center-center\",\"overlap\":false,\"padding_remove_top\":true,\"preserve_color\":false,\"style\":\"primary\",\"title_breakpoint\":\"xl\",\"title_position\":\"top-left\",\"title_rotation\":\"left\",\"vertical_align\":\"middle\",\"width\":\"xlarge\"},\"children\":[{\"type\":\"row\",\"children\":[{\"type\":\"column\",\"props\":{\"image_position\":\"center-center\",\"position_sticky_breakpoint\":\"m\"},\"children\":[{\"type\":\"image\",\"props\":{\"css\":\".el-element{\\n\\tposition: absolute;\\n    top: -7%;\\n    right: 13%;\\n    transform: rotate(15deg);\\n}\\n\\n@media screen and (min-width: 1200px) {\\n\\t.el-element{\\n        position: absolute;\\n        top: -7%;\\n        right: 5%;\\n        transform: rotate(15deg);\\n\\t}\\n}\\n\\n@media screen and (min-width: 1600px) {\\n\\t.el-element{\\n        position: absolute;\\n        top: -7%;\\n        right: 18%;\\n        transform: rotate(15deg);\\n\\t}\\n}\",\"image\":\"wp-content\\\/uploads\\\/sites\\\/2\\\/2024\\\/09\\\/Illus_Le-Looping_SITE-06.svg\",\"image_svg_color\":\"emphasis\",\"margin\":\"default\",\"visibility\":\"m\"}}]}]},{\"type\":\"row\",\"children\":[{\"type\":\"column\",\"props\":{\"image_position\":\"center-center\",\"position_sticky_breakpoint\":\"m\",\"width_medium\":\"1-2\"},\"children\":[{\"type\":\"image\",\"props\":{\"image\":\"wp-content\\\/uploads\\\/sites\\\/2\\\/2024\\\/08\\\/AdobeStock_602717788.png\",\"image_svg_color\":\"emphasis\",\"margin\":\"default\"}},{\"type\":\"headline\",\"props\":{\"content\":\"<span>Le Looping Dreux, la combinaison parfaite pour vos \\u00e9v\\u00e9nements d\\u2019entreprises !<\\\/span>\",\"css\":\".el-element{\\n\\tborder: solid 3px #da72ff;\\n    padding: 5px;\\n}\",\"margin_remove_top\":true,\"status\":\"disabled\",\"text_align\":\"center\",\"title_color\":\"emphasis\",\"title_element\":\"div\",\"title_style\":\"h3\"}}]},{\"type\":\"column\",\"props\":{\"image_position\":\"center-center\",\"position_sticky_breakpoint\":\"m\",\"width_medium\":\"1-2\"},\"children\":[{\"type\":\"headline\",\"props\":{\"content\":\"Entreprises\",\"css\":\".el-element{\\n\\tcolor: #da72ff;\\n}\",\"margin\":\"small\",\"margin_remove_top\":false,\"text_align\":\"left\",\"text_align_breakpoint\":\"m\",\"text_align_fallback\":\"center\",\"title_element\":\"h2\",\"title_font_family\":\"tertiary\",\"title_style\":\"h1\"}},{\"type\":\"text\",\"props\":{\"column_breakpoint\":\"m\",\"content\":\"\n\n<p><span>Le Looping Dreux est l\\u2019endroit parfait pour vos \\u00e9v\\u00e9nements d\\u2019entreprise alliant travail et d\\u00e9tente. Profitez de notre salle de s\\u00e9minaire \\u00e9quip\\u00e9e et d\\u2019activit\\u00e9s ludiques pour renforcer l\\u2019esprit d\\u2019\\u00e9quipe. Privatisez notre espace (jusqu\\u2019\\u00e0 400 personnes) avec ou sans repas, et laissez-nous vous accompagner dans la cr\\u00e9ation d'un \\u00e9v\\u00e9nement sur-mesure !<\\\/span><\\\/p>\",\"css\":\"@media screen and (max-width: 600px) {\\n    .el-element{\\n    \\tfont-size: 20px;\\n    }\\n}\",\"margin\":\"default\",\"text_align\":\"left\",\"text_align_breakpoint\":\"m\",\"text_align_fallback\":\"center\",\"text_color\":\"emphasis\"}},{\"type\":\"button\",\"props\":{\"button_size\":\"large\",\"css\":\".el-content{\\n    background-color: #da72ff;\\n    color: #000;\\n    border: 1px solid transparent;\\n}\\n.el-content:hover{\\n    background-color: transparent;\\n    color: #da72ff;\\n    border: 1px solid #da72ff;\\n}\",\"grid_column_gap\":\"small\",\"grid_row_gap\":\"small\",\"margin\":\"default\",\"margin_remove_top\":false,\"text_align\":\"left\",\"text_align_breakpoint\":\"m\",\"text_align_fallback\":\"center\"},\"children\":[{\"type\":\"button_item\",\"props\":{\"button_style\":\"primary\",\"content\":\"Nous contacter\",\"icon_align\":\"left\",\"link\":\"contact\\\/\"}}]}]}],\"props\":{\"layout\":\"1-2,1-2\"}}],\"name\":\"Entreprises\"},{\"type\":\"section\",\"props\":{\"animation\":\"slide-bottom-medium\",\"animation_delay\":\"100\",\"class\":\"uk-position-relative\",\"image_position\":\"center-center\",\"overlap\":false,\"padding_remove_top\":false,\"preserve_color\":true,\"style\":\"secondary\",\"title_breakpoint\":\"xl\",\"title_position\":\"top-left\",\"title_rotation\":\"left\",\"vertical_align\":\"middle\",\"width\":\"xlarge\"},\"children\":[{\"type\":\"row\",\"children\":[{\"type\":\"column\",\"props\":{\"image_position\":\"center-center\",\"position_sticky_breakpoint\":\"m\"},\"children\":[{\"type\":\"image\",\"props\":{\"css\":\".el-element{\\n\\tposition: absolute;\\n    top: 3%;\\n    left: 38%;\\n}\\n@media screen and (max-width: 1600px) and (min-width: 1200px) {\\n    .el-element{\\n        position: absolute;\\n        top: 3%;\\n        left: 44%;\\n\\t}\\n}\\n@media screen and (min-width: 1600px) {\\n\\t.el-element{\\n        position: absolute;\\n        top: 3%;\\n        left: 41%;\\n\\t}\\n}\",\"image\":\"wp-content\\\/uploads\\\/sites\\\/2\\\/2024\\\/09\\\/Illus_Le-Looping_SITE-05.svg\",\"image_svg_color\":\"emphasis\",\"margin\":\"default\",\"visibility\":\"m\"}}]}]},{\"type\":\"row\",\"children\":[{\"type\":\"column\",\"props\":{\"image_position\":\"center-center\",\"position_sticky_breakpoint\":\"m\",\"width_medium\":\"1-2\"},\"children\":[{\"type\":\"headline\",\"props\":{\"content\":\"Groupes\\\/particuliers\",\"css\":\".el-element{\\n\\tcolor: #000;\\n}\\n\\n@media screen and (max-width: 1200px) {\\n    .el-element{\\n        font-size: 55px;\\n    }\\n}\\n@media screen and (max-width: 600px) {\\n    .el-element{\\n        font-size: 30px;\\n    }\\n}\",\"margin\":\"small\",\"margin_remove_top\":false,\"text_align\":\"left\",\"text_align_breakpoint\":\"m\",\"text_align_fallback\":\"center\",\"title_element\":\"h2\",\"title_font_family\":\"tertiary\",\"title_style\":\"h1\"}},{\"type\":\"text\",\"props\":{\"block_align\":\"right\",\"column_breakpoint\":\"m\",\"content\":\"\n\n<p data-pm-slice=\\\"1 1 []\\\">Le Looping Dreux vous accompagne dans les moments marquants de votre vie ou de celle de vos proches : anniversaires adultes, EVG, EVJF...<\\\/p>\\n\n\n<p>Au Looping, nous sommes heureux de participer \\u00e0 faire de ce jour sp\\u00e9cial un moment inoubliable !<\\\/p>\",\"css\":\"@media screen and (max-width: 600px) {\\n    .el-element{\\n    \\tfont-size: 20px;\\n    }\\n}\",\"margin\":\"large\",\"margin_remove_bottom\":true,\"text_align\":\"left\",\"text_align_breakpoint\":\"m\",\"text_align_fallback\":\"center\"}},{\"type\":\"button\",\"props\":{\"button_size\":\"large\",\"grid_column_gap\":\"small\",\"grid_row_gap\":\"small\",\"margin\":\"medium\",\"text_align\":\"center\"},\"children\":[{\"type\":\"button_item\",\"props\":{\"button_style\":\"danger\",\"content\":\"En savoir plus\",\"icon_align\":\"left\",\"link\":\"wp-content\\\/uploads\\\/sites\\\/5\\\/2025\\\/01\\\/A5_Flyer-EVG-EVJF_Le-Looping_DREUX_WEB_page-0001.jpg\",\"link_target\":\"modal\"}}]}]},{\"type\":\"column\",\"props\":{\"image_position\":\"center-center\",\"position_sticky_breakpoint\":\"m\",\"width_medium\":\"1-2\"},\"children\":[{\"type\":\"image\",\"props\":{\"image\":\"wp-content\\\/uploads\\\/sites\\\/2\\\/2024\\\/08\\\/AdobeStock_602717788.png\",\"image_svg_color\":\"emphasis\",\"margin\":\"default\"}}]}],\"props\":{\"layout\":\"1-2,1-2\"}}],\"name\":\"Groupes\\\/Particuliers\"},{\"type\":\"section\",\"props\":{\"animation\":\"slide-bottom-medium\",\"animation_delay\":\"100\",\"class\":\"uk-position-relative\",\"id\":\"anniversaire\",\"image_position\":\"center-center\",\"overlap\":false,\"padding_remove_top\":false,\"preserve_color\":false,\"style\":\"primary\",\"title_breakpoint\":\"xl\",\"title_position\":\"top-left\",\"title_rotation\":\"left\",\"vertical_align\":\"middle\",\"width\":\"xlarge\"},\"children\":[{\"type\":\"row\",\"children\":[{\"type\":\"column\",\"props\":{\"image_position\":\"center-center\",\"position_sticky_breakpoint\":\"m\",\"width_medium\":\"1-2\"},\"children\":[{\"type\":\"image\",\"props\":{\"image\":\"wp-content\\\/uploads\\\/sites\\\/5\\\/2025\\\/01\\\/Titre-Formules-02-02-4c21bc.svg\",\"image_svg_color\":\"emphasis\",\"margin\":\"default\"}},{\"type\":\"text\",\"props\":{\"block_align\":\"right\",\"column_breakpoint\":\"m\",\"content\":\"\n\n<p><span>Il n\\u2019y a pas d\\u2019\\u00e2ge pour s\\u2019amuser, encore moins quand c\\u2019est son anniversaire !<\\\/span><\\\/p>\\n\n\n<p><span>Au Looping Dreux, nous sommes heureux de participer \\u00e0 faire de ce jour sp\\u00e9cial un moment inoubliable.<\\\/span><\\\/p>\",\"css\":\"@media screen and (max-width: 600px) {\\n    .el-element{\\n    \\tfont-size: 20px;\\n    }\\n}\",\"margin\":\"default\",\"margin_remove_top\":true,\"text_align\":\"left\",\"text_align_breakpoint\":\"m\",\"text_align_fallback\":\"center\",\"text_color\":\"emphasis\"}},{\"type\":\"button\",\"props\":{\"button_size\":\"large\",\"grid_column_gap\":\"small\",\"grid_row_gap\":\"small\",\"margin\":\"default\",\"text_align\":\"left\"},\"children\":[{\"type\":\"button_item\",\"props\":{\"button_style\":\"danger\",\"content\":\"D\\u00e9couvrez nos formules !\",\"icon_align\":\"left\",\"link\":\"wp-content\\\/uploads\\\/sites\\\/5\\\/2025\\\/01\\\/A5_Flyer-Anniversaire_Le-Looping_DREUX_WEB_page-0001.jpg\",\"link_target\":\"modal\"}}]},{\"type\":\"text\",\"props\":{\"column_breakpoint\":\"m\",\"content\":\"<span>R\\u00e9servation sur place uniquement, un acompte de 30\\u20ac vous sera demand\\u00e9.<\\\/span>\",\"css\":\".el-element{\\n\\tborder: solid 3px #da72ff;\\n}\",\"margin\":\"large\",\"margin_remove_top\":false,\"text_align\":\"center\",\"text_color\":\"emphasis\"}}]},{\"type\":\"column\",\"props\":{\"image_position\":\"center-center\",\"position_sticky_breakpoint\":\"m\",\"width_medium\":\"1-2\"},\"children\":[{\"type\":\"image\",\"props\":{\"image\":\"wp-content\\\/uploads\\\/sites\\\/2\\\/2024\\\/10\\\/018-1-scaled.jpg\",\"image_svg_color\":\"emphasis\",\"margin\":\"default\"}}]}],\"props\":{\"layout\":\"1-2,1-2\",\"margin_remove_top\":true}},{\"type\":\"row\",\"children\":[{\"type\":\"column\",\"props\":{\"image_position\":\"center-center\",\"position_sticky_breakpoint\":\"m\"},\"children\":[{\"type\":\"image\",\"props\":{\"css\":\".el-element{\\n\\tposition: absolute;\\n    bottom: 8%;\\n    right: -10%;\\n    transform: rotate(5deg);\\n}\\n\\n@media screen and (min-width: 1600px) {\\n\\t.el-element{\\n        position: absolute;\\n        bottom: 0%;\\n        right: -6%;\\n        transform: rotate(5deg);\\n\\t}\\n}\",\"image\":\"wp-content\\\/uploads\\\/sites\\\/2\\\/2024\\\/09\\\/Illus_Le-Looping_SITE-09.svg\",\"image_height\":400,\"image_svg_color\":\"emphasis\",\"margin\":\"default\",\"visibility\":\"m\"}}]}]}],\"name\":\"Anniversaires\"}],\"version\":\"4.4.8\",\"yooessentialsVersion\":\"2.2.31\"} --><\/p>\n","protected":false},"excerpt":{"rendered":"<p>banniere \u00e9v\u00e9nements Le Looping Dreux, c\u2019est l\u2019endroit parfait pour vos \u00e9v\u00e9nements priv\u00e9s ou pros !Activit\u00e9s et jeux, bar snack, salle de s\u00e9minaire, on s\u2019adapte \u00e0 toutes vos envies pour faire de votre \u00e9v\u00e9nement un moment \u00e0 votre image ! Entreprises Le Looping Dreux est l\u2019endroit parfait pour vos \u00e9v\u00e9nements d\u2019entreprise alliant travail et d\u00e9tente. Profitez [&hellip;]<\/p>\n","protected":false},"author":1,"featured_media":0,"parent":0,"menu_order":0,"comment_status":"closed","ping_status":"closed","template":"","meta":{"footnotes":""},"class_list":["post-28","page","type-page","status-publish","hentry"],"yoast_head":"<!-- This site is optimized with the Yoast SEO plugin v27.5 - https:\/\/yoast.com\/product\/yoast-seo-wordpress\/ -->\n<title>\u00c9v\u00e8nements - Le Looping Dreux<\/title>\n<meta name=\"robots\" content=\"index, follow, max-snippet:-1, max-image-preview:large, max-video-preview:-1\" \/>\n<link rel=\"canonical\" href=\"https:\/\/www.lelooping.com\/dreux\/evenements\/\" \/>\n<meta property=\"og:locale\" content=\"fr_FR\" \/>\n<meta property=\"og:type\" content=\"article\" \/>\n<meta property=\"og:title\" content=\"\u00c9v\u00e8nements - Le Looping Dreux\" \/>\n<meta property=\"og:description\" content=\"banniere \u00e9v\u00e9nements Le Looping Dreux, c\u2019est l\u2019endroit parfait pour vos \u00e9v\u00e9nements priv\u00e9s ou pros !Activit\u00e9s et jeux, bar snack, salle de s\u00e9minaire, on s\u2019adapte \u00e0 toutes vos envies pour faire de votre \u00e9v\u00e9nement un moment \u00e0 votre image ! Entreprises Le Looping Dreux est l\u2019endroit parfait pour vos \u00e9v\u00e9nements d\u2019entreprise alliant travail et d\u00e9tente. Profitez [&hellip;]\" \/>\n<meta property=\"og:url\" content=\"https:\/\/www.lelooping.com\/dreux\/evenements\/\" \/>\n<meta property=\"og:site_name\" content=\"Le Looping Dreux\" \/>\n<meta property=\"article:modified_time\" content=\"2025-02-07T10:13:31+00:00\" \/>\n<meta name=\"twitter:card\" content=\"summary_large_image\" \/>\n<script type=\"application\/ld+json\" class=\"yoast-schema-graph\">{\"@context\":\"https:\\\/\\\/schema.org\",\"@graph\":[{\"@type\":\"WebPage\",\"@id\":\"https:\\\/\\\/www.lelooping.com\\\/dreux\\\/evenements\\\/\",\"url\":\"https:\\\/\\\/www.lelooping.com\\\/dreux\\\/evenements\\\/\",\"name\":\"\u00c9v\u00e8nements - Le Looping Dreux\",\"isPartOf\":{\"@id\":\"https:\\\/\\\/www.lelooping.com\\\/dreux\\\/#website\"},\"datePublished\":\"2025-01-27T14:50:14+00:00\",\"dateModified\":\"2025-02-07T10:13:31+00:00\",\"breadcrumb\":{\"@id\":\"https:\\\/\\\/www.lelooping.com\\\/dreux\\\/evenements\\\/#breadcrumb\"},\"inLanguage\":\"fr-FR\",\"potentialAction\":[{\"@type\":\"ReadAction\",\"target\":[\"https:\\\/\\\/www.lelooping.com\\\/dreux\\\/evenements\\\/\"]}]},{\"@type\":\"BreadcrumbList\",\"@id\":\"https:\\\/\\\/www.lelooping.com\\\/dreux\\\/evenements\\\/#breadcrumb\",\"itemListElement\":[{\"@type\":\"ListItem\",\"position\":1,\"name\":\"Accueil\",\"item\":\"https:\\\/\\\/www.lelooping.com\\\/dreux\\\/\"},{\"@type\":\"ListItem\",\"position\":2,\"name\":\"\u00c9v\u00e8nements\"}]},{\"@type\":\"WebSite\",\"@id\":\"https:\\\/\\\/www.lelooping.com\\\/dreux\\\/#website\",\"url\":\"https:\\\/\\\/www.lelooping.com\\\/dreux\\\/\",\"name\":\"Le Looping Dreux\",\"description\":\"\",\"potentialAction\":[{\"@type\":\"SearchAction\",\"target\":{\"@type\":\"EntryPoint\",\"urlTemplate\":\"https:\\\/\\\/www.lelooping.com\\\/dreux\\\/?s={search_term_string}\"},\"query-input\":{\"@type\":\"PropertyValueSpecification\",\"valueRequired\":true,\"valueName\":\"search_term_string\"}}],\"inLanguage\":\"fr-FR\"}]}<\/script>\n<!-- \/ Yoast SEO plugin. -->","yoast_head_json":{"title":"\u00c9v\u00e8nements - Le Looping Dreux","robots":{"index":"index","follow":"follow","max-snippet":"max-snippet:-1","max-image-preview":"max-image-preview:large","max-video-preview":"max-video-preview:-1"},"canonical":"https:\/\/www.lelooping.com\/dreux\/evenements\/","og_locale":"fr_FR","og_type":"article","og_title":"\u00c9v\u00e8nements - Le Looping Dreux","og_description":"banniere \u00e9v\u00e9nements Le Looping Dreux, c\u2019est l\u2019endroit parfait pour vos \u00e9v\u00e9nements priv\u00e9s ou pros !Activit\u00e9s et jeux, bar snack, salle de s\u00e9minaire, on s\u2019adapte \u00e0 toutes vos envies pour faire de votre \u00e9v\u00e9nement un moment \u00e0 votre image ! Entreprises Le Looping Dreux est l\u2019endroit parfait pour vos \u00e9v\u00e9nements d\u2019entreprise alliant travail et d\u00e9tente. Profitez [&hellip;]","og_url":"https:\/\/www.lelooping.com\/dreux\/evenements\/","og_site_name":"Le Looping Dreux","article_modified_time":"2025-02-07T10:13:31+00:00","twitter_card":"summary_large_image","schema":{"@context":"https:\/\/schema.org","@graph":[{"@type":"WebPage","@id":"https:\/\/www.lelooping.com\/dreux\/evenements\/","url":"https:\/\/www.lelooping.com\/dreux\/evenements\/","name":"\u00c9v\u00e8nements - Le Looping Dreux","isPartOf":{"@id":"https:\/\/www.lelooping.com\/dreux\/#website"},"datePublished":"2025-01-27T14:50:14+00:00","dateModified":"2025-02-07T10:13:31+00:00","breadcrumb":{"@id":"https:\/\/www.lelooping.com\/dreux\/evenements\/#breadcrumb"},"inLanguage":"fr-FR","potentialAction":[{"@type":"ReadAction","target":["https:\/\/www.lelooping.com\/dreux\/evenements\/"]}]},{"@type":"BreadcrumbList","@id":"https:\/\/www.lelooping.com\/dreux\/evenements\/#breadcrumb","itemListElement":[{"@type":"ListItem","position":1,"name":"Accueil","item":"https:\/\/www.lelooping.com\/dreux\/"},{"@type":"ListItem","position":2,"name":"\u00c9v\u00e8nements"}]},{"@type":"WebSite","@id":"https:\/\/www.lelooping.com\/dreux\/#website","url":"https:\/\/www.lelooping.com\/dreux\/","name":"Le Looping Dreux","description":"","potentialAction":[{"@type":"SearchAction","target":{"@type":"EntryPoint","urlTemplate":"https:\/\/www.lelooping.com\/dreux\/?s={search_term_string}"},"query-input":{"@type":"PropertyValueSpecification","valueRequired":true,"valueName":"search_term_string"}}],"inLanguage":"fr-FR"}]}},"_links":{"self":[{"href":"https:\/\/www.lelooping.com\/dreux\/wp-json\/wp\/v2\/pages\/28","targetHints":{"allow":["GET"]}}],"collection":[{"href":"https:\/\/www.lelooping.com\/dreux\/wp-json\/wp\/v2\/pages"}],"about":[{"href":"https:\/\/www.lelooping.com\/dreux\/wp-json\/wp\/v2\/types\/page"}],"author":[{"embeddable":true,"href":"https:\/\/www.lelooping.com\/dreux\/wp-json\/wp\/v2\/users\/1"}],"replies":[{"embeddable":true,"href":"https:\/\/www.lelooping.com\/dreux\/wp-json\/wp\/v2\/comments?post=28"}],"version-history":[{"count":19,"href":"https:\/\/www.lelooping.com\/dreux\/wp-json\/wp\/v2\/pages\/28\/revisions"}],"predecessor-version":[{"id":159,"href":"https:\/\/www.lelooping.com\/dreux\/wp-json\/wp\/v2\/pages\/28\/revisions\/159"}],"wp:attachment":[{"href":"https:\/\/www.lelooping.com\/dreux\/wp-json\/wp\/v2\/media?parent=28"}],"curies":[{"name":"wp","href":"https:\/\/api.w.org\/{rel}","templated":true}]}}