{"id":26,"date":"2025-01-27T15:49:48","date_gmt":"2025-01-27T14:49:48","guid":{"rendered":"https:\/\/www.lelooping.com\/dreux\/?page_id=26"},"modified":"2025-07-10T17:31:54","modified_gmt":"2025-07-10T15:31:54","slug":"bar-snack","status":"publish","type":"page","link":"https:\/\/www.lelooping.com\/dreux\/bar-snack\/","title":{"rendered":"Bar &amp; Snack"},"content":{"rendered":"<div>\n<p>    <img decoding=\"async\" src=\"\/dreux\/wp-content\/uploads\/sites\/5\/2025\/07\/014-scaled.jpg\" alt=\"\"><\/p>\n<h3>banniere bar<\/h3>\n<\/div>\n<p><img decoding=\"async\" src=\"\/dreux\/wp-content\/uploads\/sites\/5\/2025\/07\/015-scaled.jpg\" alt=\"\"><br \/>\n<img decoding=\"async\" src=\"\/dreux\/wp-content\/uploads\/sites\/2\/2024\/09\/Illus_Le-Looping_SITE-07.svg\" alt=\"\"><br \/>\n<img decoding=\"async\" src=\"\/dreux\/wp-content\/uploads\/sites\/2\/2024\/09\/Illus_Le-Looping_SITE-05.svg\" alt=\"\"><\/p>\n<div>\n<p>Envie de faire une pause gourmande ?<br \/>\nNotre bar snack est ouvert tous les jours d\u00e8s 14h pour vous offrir un moment d\u00e9tente. <\/p>\n<p>\u00c0 la carte : boissons chaudes, softs, cocktails, bi\u00e8res&#8230; Et pour les petites faims : snacks et planches \u00e0 partager entre amis !<\/p>\n<\/div>\n<div>Ouvert tous les jours de 14h \u00e0 1h (jusqu\u2019\u00e0 2h le vendredi et samedi).<\/div>\n<p>\n    <a href=\"\/dreux\/wp-content\/uploads\/sites\/5\/2025\/01\/Carte-Bar_Le-Looping_DREUX_2024_WEB.pdf\">Consulter la carte du bar<\/a>\n<\/p>\n<p><!--more--><br \/>\n<!-- {\"type\":\"layout\",\"children\":[{\"type\":\"section\",\"props\":{\"class\":\"uk-position-relative\",\"image_position\":\"center-center\",\"padding_remove_top\":true,\"style\":\"primary\",\"title_breakpoint\":\"xl\",\"title_position\":\"top-left\",\"title_rotation\":\"left\",\"vertical_align\":\"middle\",\"width\":\"\"},\"children\":[{\"type\":\"row\",\"children\":[{\"type\":\"column\",\"props\":{\"image_position\":\"center-center\",\"position_sticky_breakpoint\":\"m\"},\"children\":[{\"type\":\"slideshow\",\"props\":{\"link_style\":\"default\",\"link_text\":\"Read more\",\"margin\":\"default\",\"meta_align\":\"below-title\",\"meta_element\":\"div\",\"meta_style\":\"text-meta\",\"nav\":\"dotnav\",\"nav_align\":\"center\",\"nav_breakpoint\":\"s\",\"nav_position\":\"bottom-center\",\"nav_position_margin\":\"medium\",\"overlay_animation\":\"parallax\",\"overlay_position\":\"center-left\",\"show_content\":true,\"show_link\":false,\"show_meta\":false,\"show_thumbnail\":false,\"show_title\":false,\"slidenav\":\"default\",\"slidenav_breakpoint\":\"s\",\"slidenav_margin\":\"medium\",\"slidenav_outside_breakpoint\":\"xl\",\"slideshow_autoplay_pause\":true,\"slideshow_height\":\"viewport\",\"slideshow_height_offset_top\":true,\"slideshow_min_height\":300,\"thumbnav_height\":\"75\",\"thumbnav_svg_color\":\"emphasis\",\"thumbnav_width\":\"100\",\"title_element\":\"h3\"},\"children\":[{\"type\":\"slideshow_item\",\"props\":{\"image\":\"wp-content\\\/uploads\\\/sites\\\/5\\\/2025\\\/07\\\/014-scaled.jpg\",\"title\":\"banniere bar\"}}]}]}]}]},{\"type\":\"section\",\"props\":{\"animation\":\"slide-bottom-medium\",\"animation_delay\":\"100\",\"image_position\":\"center-center\",\"padding_remove_top\":false,\"style\":\"primary\",\"title_breakpoint\":\"xl\",\"title_position\":\"top-left\",\"title_rotation\":\"left\",\"vertical_align\":\"middle\",\"width\":\"\"},\"children\":[{\"type\":\"row\",\"props\":{\"class\":\"uk-position-relative\",\"column_gap\":\"small\",\"layout\":\"1-2,1-2\",\"margin\":\"xlarge\",\"width\":\"xlarge\"},\"children\":[{\"type\":\"column\",\"props\":{\"image_position\":\"center-center\",\"position_sticky_breakpoint\":\"m\",\"width_medium\":\"1-2\"},\"children\":[{\"type\":\"image\",\"props\":{\"css\":\".el-image{\\n\\theight: 500px;\\n    object-fit: cover\\n}\",\"image\":\"wp-content\\\/uploads\\\/sites\\\/5\\\/2025\\\/07\\\/015-scaled.jpg\",\"image_height\":650,\"image_svg_color\":\"emphasis\",\"margin\":\"default\",\"text_align\":\"center\"}},{\"type\":\"image\",\"props\":{\"css\":\".el-element{\\n\\tposition: absolute;\\n    top: -130px;\\n    left: 35%;\\n    transform: rotate(5deg);\\n}\",\"image\":\"wp-content\\\/uploads\\\/sites\\\/2\\\/2024\\\/09\\\/Illus_Le-Looping_SITE-07.svg\",\"image_svg_color\":\"emphasis\",\"image_width\":200,\"margin\":\"default\",\"visibility\":\"m\"}},{\"type\":\"image\",\"props\":{\"class\":\"uk-position-bottom-right\",\"image\":\"wp-content\\\/uploads\\\/sites\\\/2\\\/2024\\\/09\\\/Illus_Le-Looping_SITE-05.svg\",\"image_svg_color\":\"emphasis\",\"margin\":\"default\",\"visibility\":\"m\"}}]},{\"type\":\"column\",\"props\":{\"image_position\":\"center-center\",\"position_sticky_breakpoint\":\"m\",\"width_medium\":\"1-2\"},\"children\":[{\"type\":\"text\",\"props\":{\"column_breakpoint\":\"m\",\"content\":\"\n\n<p>Envie de faire une pause gourmande ?\\nNotre bar snack est ouvert tous les jours d\\u00e8s 14h pour vous offrir un moment d\\u00e9tente. <\\\/p>\\n\n\n<p>\\u00c0 la carte : boissons chaudes, softs, cocktails, bi\\u00e8res... Et pour les petites faims : snacks et planches \\u00e0 partager entre amis !<\\\/p>\",\"css\":\"@media screen and (max-width: 600px) {\\n    .el-element{\\n    \\tfont-size: 20px;\\n    }\\n}\",\"margin\":\"default\",\"text_align\":\"left\",\"text_align_breakpoint\":\"m\",\"text_align_fallback\":\"center\",\"text_color\":\"emphasis\"}},{\"type\":\"text\",\"props\":{\"column_breakpoint\":\"m\",\"content\":\"Ouvert tous les jours de 14h \\u00e0 1h (jusqu\\u2019\\u00e0 2h le vendredi et samedi).\",\"css\":\".el-element{\\n    padding: 5px;\\n\\tborder: solid 3px #EC8F1C;\\n}\\n\\n@media screen and (max-width: 600px) {\\n    .el-element{\\n    \\tfont-size: 20px;\\n    }\\n}\",\"margin\":\"large\",\"text_align\":\"center\",\"text_color\":\"emphasis\"}},{\"type\":\"button\",\"props\":{\"button_size\":\"large\",\"css\":\".el-content{\\n    background-color: #EC8F1C;\\n    font-weight: bold;\\n    color: #000;\\n    border: 1px solid transparent;\\n}\\n.el-content:hover{\\n    background-color: transparent;\\n    color: #EC8F1C;\\n    border: 1px solid #EC8F1C;\\n}\",\"grid_column_gap\":\"small\",\"grid_row_gap\":\"small\",\"margin\":\"default\"},\"children\":[{\"type\":\"button_item\",\"props\":{\"button_style\":\"default\",\"content\":\"Consulter la carte du bar\",\"icon_align\":\"left\",\"link\":\"wp-content\\\/uploads\\\/sites\\\/5\\\/2025\\\/01\\\/Carte-Bar_Le-Looping_DREUX_2024_WEB.pdf\",\"link_target\":\"blank\"}}]}]}]}]}],\"version\":\"4.4.8\",\"yooessentialsVersion\":\"2.2.31\"} --><\/p>\n","protected":false},"excerpt":{"rendered":"<p>banniere bar Envie de faire une pause gourmande ? Notre bar snack est ouvert tous les jours d\u00e8s 14h pour vous offrir un moment d\u00e9tente. \u00c0 la carte : boissons chaudes, softs, cocktails, bi\u00e8res&#8230; Et pour les petites faims : snacks et planches \u00e0 partager entre amis ! Ouvert tous les jours de 14h \u00e0 [&hellip;]<\/p>\n","protected":false},"author":1,"featured_media":0,"parent":0,"menu_order":0,"comment_status":"closed","ping_status":"closed","template":"","meta":{"footnotes":""},"class_list":["post-26","page","type-page","status-publish","hentry"],"yoast_head":"<!-- This site is optimized with the Yoast SEO plugin v27.5 - https:\/\/yoast.com\/product\/yoast-seo-wordpress\/ -->\n<title>Bar &amp; Snack - Le Looping Dreux<\/title>\n<meta name=\"robots\" content=\"index, follow, max-snippet:-1, max-image-preview:large, max-video-preview:-1\" \/>\n<link rel=\"canonical\" href=\"https:\/\/www.lelooping.com\/dreux\/bar-snack\/\" \/>\n<meta property=\"og:locale\" content=\"fr_FR\" \/>\n<meta property=\"og:type\" content=\"article\" \/>\n<meta property=\"og:title\" content=\"Bar &amp; Snack - Le Looping Dreux\" \/>\n<meta property=\"og:description\" content=\"banniere bar Envie de faire une pause gourmande ? Notre bar snack est ouvert tous les jours d\u00e8s 14h pour vous offrir un moment d\u00e9tente. \u00c0 la carte : boissons chaudes, softs, cocktails, bi\u00e8res&#8230; Et pour les petites faims : snacks et planches \u00e0 partager entre amis ! Ouvert tous les jours de 14h \u00e0 [&hellip;]\" \/>\n<meta property=\"og:url\" content=\"https:\/\/www.lelooping.com\/dreux\/bar-snack\/\" \/>\n<meta property=\"og:site_name\" content=\"Le Looping Dreux\" \/>\n<meta property=\"article:modified_time\" content=\"2025-07-10T15:31:54+00:00\" \/>\n<meta name=\"twitter:card\" content=\"summary_large_image\" \/>\n<script type=\"application\/ld+json\" class=\"yoast-schema-graph\">{\"@context\":\"https:\\\/\\\/schema.org\",\"@graph\":[{\"@type\":\"WebPage\",\"@id\":\"https:\\\/\\\/www.lelooping.com\\\/dreux\\\/bar-snack\\\/\",\"url\":\"https:\\\/\\\/www.lelooping.com\\\/dreux\\\/bar-snack\\\/\",\"name\":\"Bar &amp; Snack - Le Looping Dreux\",\"isPartOf\":{\"@id\":\"https:\\\/\\\/www.lelooping.com\\\/dreux\\\/#website\"},\"datePublished\":\"2025-01-27T14:49:48+00:00\",\"dateModified\":\"2025-07-10T15:31:54+00:00\",\"breadcrumb\":{\"@id\":\"https:\\\/\\\/www.lelooping.com\\\/dreux\\\/bar-snack\\\/#breadcrumb\"},\"inLanguage\":\"fr-FR\",\"potentialAction\":[{\"@type\":\"ReadAction\",\"target\":[\"https:\\\/\\\/www.lelooping.com\\\/dreux\\\/bar-snack\\\/\"]}]},{\"@type\":\"BreadcrumbList\",\"@id\":\"https:\\\/\\\/www.lelooping.com\\\/dreux\\\/bar-snack\\\/#breadcrumb\",\"itemListElement\":[{\"@type\":\"ListItem\",\"position\":1,\"name\":\"Accueil\",\"item\":\"https:\\\/\\\/www.lelooping.com\\\/dreux\\\/\"},{\"@type\":\"ListItem\",\"position\":2,\"name\":\"Bar &amp; Snack\"}]},{\"@type\":\"WebSite\",\"@id\":\"https:\\\/\\\/www.lelooping.com\\\/dreux\\\/#website\",\"url\":\"https:\\\/\\\/www.lelooping.com\\\/dreux\\\/\",\"name\":\"Le Looping Dreux\",\"description\":\"\",\"potentialAction\":[{\"@type\":\"SearchAction\",\"target\":{\"@type\":\"EntryPoint\",\"urlTemplate\":\"https:\\\/\\\/www.lelooping.com\\\/dreux\\\/?s={search_term_string}\"},\"query-input\":{\"@type\":\"PropertyValueSpecification\",\"valueRequired\":true,\"valueName\":\"search_term_string\"}}],\"inLanguage\":\"fr-FR\"}]}<\/script>\n<!-- \/ Yoast SEO plugin. -->","yoast_head_json":{"title":"Bar &amp; Snack - Le Looping Dreux","robots":{"index":"index","follow":"follow","max-snippet":"max-snippet:-1","max-image-preview":"max-image-preview:large","max-video-preview":"max-video-preview:-1"},"canonical":"https:\/\/www.lelooping.com\/dreux\/bar-snack\/","og_locale":"fr_FR","og_type":"article","og_title":"Bar &amp; Snack - Le Looping Dreux","og_description":"banniere bar Envie de faire une pause gourmande ? Notre bar snack est ouvert tous les jours d\u00e8s 14h pour vous offrir un moment d\u00e9tente. \u00c0 la carte : boissons chaudes, softs, cocktails, bi\u00e8res&#8230; Et pour les petites faims : snacks et planches \u00e0 partager entre amis ! Ouvert tous les jours de 14h \u00e0 [&hellip;]","og_url":"https:\/\/www.lelooping.com\/dreux\/bar-snack\/","og_site_name":"Le Looping Dreux","article_modified_time":"2025-07-10T15:31:54+00:00","twitter_card":"summary_large_image","schema":{"@context":"https:\/\/schema.org","@graph":[{"@type":"WebPage","@id":"https:\/\/www.lelooping.com\/dreux\/bar-snack\/","url":"https:\/\/www.lelooping.com\/dreux\/bar-snack\/","name":"Bar &amp; Snack - Le Looping Dreux","isPartOf":{"@id":"https:\/\/www.lelooping.com\/dreux\/#website"},"datePublished":"2025-01-27T14:49:48+00:00","dateModified":"2025-07-10T15:31:54+00:00","breadcrumb":{"@id":"https:\/\/www.lelooping.com\/dreux\/bar-snack\/#breadcrumb"},"inLanguage":"fr-FR","potentialAction":[{"@type":"ReadAction","target":["https:\/\/www.lelooping.com\/dreux\/bar-snack\/"]}]},{"@type":"BreadcrumbList","@id":"https:\/\/www.lelooping.com\/dreux\/bar-snack\/#breadcrumb","itemListElement":[{"@type":"ListItem","position":1,"name":"Accueil","item":"https:\/\/www.lelooping.com\/dreux\/"},{"@type":"ListItem","position":2,"name":"Bar &amp; Snack"}]},{"@type":"WebSite","@id":"https:\/\/www.lelooping.com\/dreux\/#website","url":"https:\/\/www.lelooping.com\/dreux\/","name":"Le Looping Dreux","description":"","potentialAction":[{"@type":"SearchAction","target":{"@type":"EntryPoint","urlTemplate":"https:\/\/www.lelooping.com\/dreux\/?s={search_term_string}"},"query-input":{"@type":"PropertyValueSpecification","valueRequired":true,"valueName":"search_term_string"}}],"inLanguage":"fr-FR"}]}},"_links":{"self":[{"href":"https:\/\/www.lelooping.com\/dreux\/wp-json\/wp\/v2\/pages\/26","targetHints":{"allow":["GET"]}}],"collection":[{"href":"https:\/\/www.lelooping.com\/dreux\/wp-json\/wp\/v2\/pages"}],"about":[{"href":"https:\/\/www.lelooping.com\/dreux\/wp-json\/wp\/v2\/types\/page"}],"author":[{"embeddable":true,"href":"https:\/\/www.lelooping.com\/dreux\/wp-json\/wp\/v2\/users\/1"}],"replies":[{"embeddable":true,"href":"https:\/\/www.lelooping.com\/dreux\/wp-json\/wp\/v2\/comments?post=26"}],"version-history":[{"count":7,"href":"https:\/\/www.lelooping.com\/dreux\/wp-json\/wp\/v2\/pages\/26\/revisions"}],"predecessor-version":[{"id":380,"href":"https:\/\/www.lelooping.com\/dreux\/wp-json\/wp\/v2\/pages\/26\/revisions\/380"}],"wp:attachment":[{"href":"https:\/\/www.lelooping.com\/dreux\/wp-json\/wp\/v2\/media?parent=26"}],"curies":[{"name":"wp","href":"https:\/\/api.w.org\/{rel}","templated":true}]}}